{"id":1131,"date":"2022-07-20T18:08:54","date_gmt":"2022-07-20T18:08:54","guid":{"rendered":"https:\/\/cidiep.org.ar\/wp\/?page_id=1131"},"modified":"2025-02-05T16:23:51","modified_gmt":"2025-02-05T16:23:51","slug":"cursos","status":"publish","type":"page","link":"https:\/\/www.cidiep.org.ar\/?page_id=1131","title":{"rendered":"Cursos"},"content":{"rendered":"\t\t<div data-elementor-type=\"wp-page\" data-elementor-id=\"1131\" class=\"elementor elementor-1131\">\n\t\t\t\t\t\t<section class=\"elementor-section elementor-top-section elementor-element elementor-element-87d5746 elementor-section-height-min-height elementor-section-boxed elementor-section-height-default elementor-section-items-middle\" data-id=\"87d5746\" data-element_type=\"section\" data-e-type=\"section\" data-settings=\"{&quot;background_background&quot;:&quot;gradient&quot;,&quot;background_motion_fx_motion_fx_mouse&quot;:&quot;yes&quot;,&quot;background_motion_fx_mouseTrack_effect&quot;:&quot;yes&quot;,&quot;background_motion_fx_mouseTrack_speed&quot;:{&quot;unit&quot;:&quot;px&quot;,&quot;size&quot;:2.4,&quot;sizes&quot;:[]}}\">\n\t\t\t\t\t\t\t<div class=\"elementor-background-overlay\"><\/div>\n\t\t\t\t\t\t\t<div class=\"elementor-container elementor-column-gap-default\">\n\t\t\t\t\t<div class=\"elementor-column elementor-col-100 elementor-top-column elementor-element elementor-element-250abe5\" data-id=\"250abe5\" data-element_type=\"column\" data-e-type=\"column\">\n\t\t\t<div class=\"elementor-widget-wrap elementor-element-populated\">\n\t\t\t\t\t\t<div class=\"elementor-element elementor-element-43b68bc elementor-widget elementor-widget-heading\" data-id=\"43b68bc\" data-element_type=\"widget\" data-e-type=\"widget\" data-widget_type=\"heading.default\">\n\t\t\t\t<div class=\"elementor-widget-container\">\n\t\t\t\t\t<h2 class=\"elementor-heading-title elementor-size-default\">Cursos<\/h2>\t\t\t\t<\/div>\n\t\t\t\t<\/div>\n\t\t\t\t\t<\/div>\n\t\t<\/div>\n\t\t\t\t\t<\/div>\n\t\t<\/section>\n\t\t\t\t<section class=\"elementor-section elementor-top-section elementor-element elementor-element-a5c83e9 elementor-section-boxed elementor-section-height-default elementor-section-height-default\" data-id=\"a5c83e9\" data-element_type=\"section\" data-e-type=\"section\">\n\t\t\t\t\t\t<div class=\"elementor-container elementor-column-gap-default\">\n\t\t\t\t\t<div class=\"elementor-column elementor-col-100 elementor-top-column elementor-element elementor-element-f017fe6\" data-id=\"f017fe6\" data-element_type=\"column\" data-e-type=\"column\">\n\t\t\t<div class=\"elementor-widget-wrap elementor-element-populated\">\n\t\t\t\t\t\t<div class=\"elementor-element elementor-element-1e53c2e elementor-widget-divider--view-line elementor-widget elementor-widget-divider\" data-id=\"1e53c2e\" data-element_type=\"widget\" data-e-type=\"widget\" data-widget_type=\"divider.default\">\n\t\t\t\t<div class=\"elementor-widget-container\">\n\t\t\t\t\t\t\t<div class=\"elementor-divider\">\n\t\t\t<span class=\"elementor-divider-separator\">\n\t\t\t\t\t\t<\/span>\n\t\t<\/div>\n\t\t\t\t\t\t<\/div>\n\t\t\t\t<\/div>\n\t\t\t\t<section class=\"elementor-section elementor-inner-section elementor-element elementor-element-dfa12a3 elementor-section-boxed elementor-section-height-default elementor-section-height-default\" data-id=\"dfa12a3\" data-element_type=\"section\" data-e-type=\"section\">\n\t\t\t\t\t\t<div class=\"elementor-container elementor-column-gap-default\">\n\t\t\t\t\t<div class=\"elementor-column elementor-col-50 elementor-inner-column elementor-element elementor-element-63411b0\" data-id=\"63411b0\" data-element_type=\"column\" data-e-type=\"column\">\n\t\t\t<div class=\"elementor-widget-wrap elementor-element-populated\">\n\t\t\t\t\t\t<div class=\"elementor-element elementor-element-5737d9d elementor-widget elementor-widget-heading\" data-id=\"5737d9d\" data-element_type=\"widget\" data-e-type=\"widget\" data-widget_type=\"heading.default\">\n\t\t\t\t<div class=\"elementor-widget-container\">\n\t\t\t\t\t<h2 class=\"elementor-heading-title elementor-size-default\">Segunda edici\u00f3n \u00abDi\u00e1logo entre Oriente y Occidente\u00bb<\/h2>\t\t\t\t<\/div>\n\t\t\t\t<\/div>\n\t\t\t\t<div class=\"elementor-element elementor-element-516530c elementor-widget elementor-widget-text-editor\" data-id=\"516530c\" data-element_type=\"widget\" data-e-type=\"widget\" data-widget_type=\"text-editor.default\">\n\t\t\t\t<div class=\"elementor-widget-container\">\n\t\t\t\t\t\t\t\t\t<p>El pr\u00f3ximo martes 18 de febrero, daremos inicio a este curso centrado en profundizar acerca de la importancia que posee el di\u00e1logo como herramienta para promover la paz. Descubriendo el valor y la trascendencia del hist\u00f3rico di\u00e1logo entablado entre Daisaku Ikeda y el historiador brit\u00e1nico Arnold J. Toynbee para la \u00e9poca actual, que este a\u00f1o celebra el 50 aniversario desde su publicaci\u00f3n en forma de libro.<\/p>\t\t\t\t\t\t\t\t<\/div>\n\t\t\t\t<\/div>\n\t\t\t\t<div class=\"elementor-element elementor-element-5631daa elementor-align-justify elementor-widget elementor-widget-button\" data-id=\"5631daa\" data-element_type=\"widget\" data-e-type=\"widget\" data-widget_type=\"button.default\">\n\t\t\t\t<div class=\"elementor-widget-container\">\n\t\t\t\t\t\t\t\t\t<div class=\"elementor-button-wrapper\">\n\t\t\t\t\t<a class=\"elementor-button elementor-button-link elementor-size-lg\" href=\"https:\/\/www.cidiep.org.ar\/segunda-edicion-curso-dialogo-entre-oriente-y-occidente\/\">\n\t\t\t\t\t\t<span class=\"elementor-button-content-wrapper\">\n\t\t\t\t\t\t\t\t\t<span class=\"elementor-button-text\">Leer m\u00e1s<\/span>\n\t\t\t\t\t<\/span>\n\t\t\t\t\t<\/a>\n\t\t\t\t<\/div>\n\t\t\t\t\t\t\t\t<\/div>\n\t\t\t\t<\/div>\n\t\t\t\t\t<\/div>\n\t\t<\/div>\n\t\t\t\t<div class=\"elementor-column elementor-col-50 elementor-inner-column elementor-element elementor-element-e42d0e1\" data-id=\"e42d0e1\" data-element_type=\"column\" data-e-type=\"column\">\n\t\t\t<div class=\"elementor-widget-wrap elementor-element-populated\">\n\t\t\t\t\t\t<div class=\"elementor-element elementor-element-22c68af elementor-widget elementor-widget-image\" data-id=\"22c68af\" data-element_type=\"widget\" data-e-type=\"widget\" data-widget_type=\"image.default\">\n\t\t\t\t<div class=\"elementor-widget-container\">\n\t\t\t\t\t\t\t\t\t\t\t\t\t\t\t<img fetchpriority=\"high\" decoding=\"async\" width=\"819\" height=\"1024\" src=\"https:\/\/www.cidiep.org.ar\/wp-content\/uploads\/2025\/01\/INVITACIONES-CIDIEP-2-819x1024.png\" class=\"attachment-large size-large wp-image-3232\" alt=\"\" srcset=\"https:\/\/www.cidiep.org.ar\/wp-content\/uploads\/2025\/01\/INVITACIONES-CIDIEP-2-819x1024.png 819w, https:\/\/www.cidiep.org.ar\/wp-content\/uploads\/2025\/01\/INVITACIONES-CIDIEP-2-240x300.png 240w, https:\/\/www.cidiep.org.ar\/wp-content\/uploads\/2025\/01\/INVITACIONES-CIDIEP-2-768x960.png 768w, https:\/\/www.cidiep.org.ar\/wp-content\/uploads\/2025\/01\/INVITACIONES-CIDIEP-2.png 1080w\" sizes=\"(max-width: 819px) 100vw, 819px\" \/>\t\t\t\t\t\t\t\t\t\t\t\t\t\t\t<\/div>\n\t\t\t\t<\/div>\n\t\t\t\t\t<\/div>\n\t\t<\/div>\n\t\t\t\t\t<\/div>\n\t\t<\/section>\n\t\t\t\t<div class=\"elementor-element elementor-element-ec3f263 elementor-widget-divider--view-line_icon elementor-view-default elementor-widget-divider--element-align-center elementor-widget elementor-widget-divider\" data-id=\"ec3f263\" data-element_type=\"widget\" data-e-type=\"widget\" data-widget_type=\"divider.default\">\n\t\t\t\t<div class=\"elementor-widget-container\">\n\t\t\t\t\t\t\t<div class=\"elementor-divider\">\n\t\t\t<span class=\"elementor-divider-separator\">\n\t\t\t\t\t\t\t<div class=\"elementor-icon elementor-divider__element\">\n\t\t\t\t\t<i aria-hidden=\"true\" class=\"fas fa-book\"><\/i><\/div>\n\t\t\t\t\t\t<\/span>\n\t\t<\/div>\n\t\t\t\t\t\t<\/div>\n\t\t\t\t<\/div>\n\t\t\t\t<section class=\"elementor-section elementor-inner-section elementor-element elementor-element-48dd69c elementor-section-boxed elementor-section-height-default elementor-section-height-default\" data-id=\"48dd69c\" data-element_type=\"section\" data-e-type=\"section\">\n\t\t\t\t\t\t<div class=\"elementor-container elementor-column-gap-default\">\n\t\t\t\t\t<div class=\"elementor-column elementor-col-50 elementor-inner-column elementor-element elementor-element-5b01be9\" data-id=\"5b01be9\" data-element_type=\"column\" data-e-type=\"column\">\n\t\t\t<div class=\"elementor-widget-wrap elementor-element-populated\">\n\t\t\t\t\t\t<div class=\"elementor-element elementor-element-c8ca072 elementor-widget elementor-widget-heading\" data-id=\"c8ca072\" data-element_type=\"widget\" data-e-type=\"widget\" data-widget_type=\"heading.default\">\n\t\t\t\t<div class=\"elementor-widget-container\">\n\t\t\t\t\t<h2 class=\"elementor-heading-title elementor-size-default\">Segunda edici\u00f3n \u00abEducaci\u00f3n human\u00edstica en valores para la paz\u00bb<\/h2>\t\t\t\t<\/div>\n\t\t\t\t<\/div>\n\t\t\t\t<div class=\"elementor-element elementor-element-08fb085 elementor-widget elementor-widget-text-editor\" data-id=\"08fb085\" data-element_type=\"widget\" data-e-type=\"widget\" data-widget_type=\"text-editor.default\">\n\t\t\t\t<div class=\"elementor-widget-container\">\n\t\t\t\t\t\t\t\t\t<p>El pasado jueves 6 de junio, el CIDIEP di\u00f3 inicio a la segunda edici\u00f3n del curso de <strong>\u00abEducaci\u00f3n human\u00edstica en valores para la paz\u00bb<\/strong>, con estudiantes de todo el pa\u00eds e incluso contando con la participaci\u00f3n de alumnos de otros pa\u00edses de Latinoam\u00e9rica.<\/p>\t\t\t\t\t\t\t\t<\/div>\n\t\t\t\t<\/div>\n\t\t\t\t<div class=\"elementor-element elementor-element-2da21af elementor-align-justify elementor-widget elementor-widget-button\" data-id=\"2da21af\" data-element_type=\"widget\" data-e-type=\"widget\" data-widget_type=\"button.default\">\n\t\t\t\t<div class=\"elementor-widget-container\">\n\t\t\t\t\t\t\t\t\t<div class=\"elementor-button-wrapper\">\n\t\t\t\t\t<a class=\"elementor-button elementor-button-link elementor-size-lg\" href=\"https:\/\/www.cidiep.org.ar\/inicio-curso-educacion-humanistica-en-valores-para-la-paz\/#\">\n\t\t\t\t\t\t<span class=\"elementor-button-content-wrapper\">\n\t\t\t\t\t\t\t\t\t<span class=\"elementor-button-text\">Leer m\u00e1s<\/span>\n\t\t\t\t\t<\/span>\n\t\t\t\t\t<\/a>\n\t\t\t\t<\/div>\n\t\t\t\t\t\t\t\t<\/div>\n\t\t\t\t<\/div>\n\t\t\t\t\t<\/div>\n\t\t<\/div>\n\t\t\t\t<div class=\"elementor-column elementor-col-50 elementor-inner-column elementor-element elementor-element-5a57a89\" data-id=\"5a57a89\" data-element_type=\"column\" data-e-type=\"column\">\n\t\t\t<div class=\"elementor-widget-wrap elementor-element-populated\">\n\t\t\t\t\t\t<div class=\"elementor-element elementor-element-b9aff58 elementor-widget elementor-widget-image\" data-id=\"b9aff58\" data-element_type=\"widget\" data-e-type=\"widget\" data-widget_type=\"image.default\">\n\t\t\t\t<div class=\"elementor-widget-container\">\n\t\t\t\t\t\t\t\t\t\t\t\t\t\t\t<img decoding=\"async\" width=\"576\" height=\"1024\" src=\"https:\/\/www.cidiep.org.ar\/wp-content\/uploads\/2024\/06\/PRUEBA-4-576x1024.png\" class=\"attachment-large size-large wp-image-2789\" alt=\"\" srcset=\"https:\/\/www.cidiep.org.ar\/wp-content\/uploads\/2024\/06\/PRUEBA-4-576x1024.png 576w, https:\/\/www.cidiep.org.ar\/wp-content\/uploads\/2024\/06\/PRUEBA-4-169x300.png 169w, https:\/\/www.cidiep.org.ar\/wp-content\/uploads\/2024\/06\/PRUEBA-4-768x1365.png 768w, https:\/\/www.cidiep.org.ar\/wp-content\/uploads\/2024\/06\/PRUEBA-4-864x1536.png 864w, https:\/\/www.cidiep.org.ar\/wp-content\/uploads\/2024\/06\/PRUEBA-4.png 1080w\" sizes=\"(max-width: 576px) 100vw, 576px\" \/>\t\t\t\t\t\t\t\t\t\t\t\t\t\t\t<\/div>\n\t\t\t\t<\/div>\n\t\t\t\t\t<\/div>\n\t\t<\/div>\n\t\t\t\t\t<\/div>\n\t\t<\/section>\n\t\t\t\t<div class=\"elementor-element elementor-element-91e0043 elementor-widget-divider--view-line_icon elementor-view-default elementor-widget-divider--element-align-center elementor-widget elementor-widget-divider\" data-id=\"91e0043\" data-element_type=\"widget\" data-e-type=\"widget\" data-widget_type=\"divider.default\">\n\t\t\t\t<div class=\"elementor-widget-container\">\n\t\t\t\t\t\t\t<div class=\"elementor-divider\">\n\t\t\t<span class=\"elementor-divider-separator\">\n\t\t\t\t\t\t\t<div class=\"elementor-icon elementor-divider__element\">\n\t\t\t\t\t<i aria-hidden=\"true\" class=\"fas fa-book\"><\/i><\/div>\n\t\t\t\t\t\t<\/span>\n\t\t<\/div>\n\t\t\t\t\t\t<\/div>\n\t\t\t\t<\/div>\n\t\t\t\t\t<\/div>\n\t\t<\/div>\n\t\t\t\t\t<\/div>\n\t\t<\/section>\n\t\t\t\t<section class=\"elementor-section elementor-top-section elementor-element elementor-element-e3227fa elementor-section-boxed elementor-section-height-default elementor-section-height-default\" data-id=\"e3227fa\" data-element_type=\"section\" data-e-type=\"section\">\n\t\t\t\t\t\t<div class=\"elementor-container elementor-column-gap-default\">\n\t\t\t\t\t<div class=\"elementor-column elementor-col-100 elementor-top-column elementor-element elementor-element-21d0501\" data-id=\"21d0501\" data-element_type=\"column\" data-e-type=\"column\">\n\t\t\t<div class=\"elementor-widget-wrap elementor-element-populated\">\n\t\t\t\t\t\t<section class=\"elementor-section elementor-inner-section elementor-element elementor-element-c817f41 elementor-section-boxed elementor-section-height-default elementor-section-height-default\" data-id=\"c817f41\" data-element_type=\"section\" data-e-type=\"section\">\n\t\t\t\t\t\t<div class=\"elementor-container elementor-column-gap-default\">\n\t\t\t\t\t<div class=\"elementor-column elementor-col-50 elementor-inner-column elementor-element elementor-element-ed0d8c0\" data-id=\"ed0d8c0\" data-element_type=\"column\" data-e-type=\"column\">\n\t\t\t<div class=\"elementor-widget-wrap elementor-element-populated\">\n\t\t\t\t\t\t<div class=\"elementor-element elementor-element-648b1ad elementor-widget elementor-widget-heading\" data-id=\"648b1ad\" data-element_type=\"widget\" data-e-type=\"widget\" data-widget_type=\"heading.default\">\n\t\t\t\t<div class=\"elementor-widget-container\">\n\t\t\t\t\t<h2 class=\"elementor-heading-title elementor-size-medium\"><a href=\"https:\/\/www.cidiep.org.ar\/curso-las-parabolas-en-el-sutra-del-loto\/\">\n<\/a><\/h2>\t\t\t\t<\/div>\n\t\t\t\t<\/div>\n\t\t\t\t<div class=\"elementor-element elementor-element-0792357 elementor-widget elementor-widget-heading\" data-id=\"0792357\" data-element_type=\"widget\" data-e-type=\"widget\" data-widget_type=\"heading.default\">\n\t\t\t\t<div class=\"elementor-widget-container\">\n\t\t\t\t\t<h2 class=\"elementor-heading-title elementor-size-default\">Curso \u00abLas Par\u00e1bolas en el Sutra del loto\u00bb<\/h2>\t\t\t\t<\/div>\n\t\t\t\t<\/div>\n\t\t\t\t<div class=\"elementor-element elementor-element-90b08e1 elementor-widget elementor-widget-image\" data-id=\"90b08e1\" data-element_type=\"widget\" data-e-type=\"widget\" data-widget_type=\"image.default\">\n\t\t\t\t<div class=\"elementor-widget-container\">\n\t\t\t\t\t\t\t\t\t\t\t\t\t\t\t\t<a href=\"https:\/\/www.cidiep.org.ar\/curso-las-parabolas-en-el-sutra-del-loto\/\">\n\t\t\t\t\t\t\t<img decoding=\"async\" width=\"819\" height=\"1024\" src=\"https:\/\/www.cidiep.org.ar\/wp-content\/uploads\/2023\/05\/Curso-Dialogo-entre-Oriente-y-Occidente-a-50-anos-del-encuentro-Toynbee-Ikeda-10-819x1024.png\" class=\"attachment-large size-large wp-image-2034\" alt=\"\" srcset=\"https:\/\/www.cidiep.org.ar\/wp-content\/uploads\/2023\/05\/Curso-Dialogo-entre-Oriente-y-Occidente-a-50-anos-del-encuentro-Toynbee-Ikeda-10-819x1024.png 819w, https:\/\/www.cidiep.org.ar\/wp-content\/uploads\/2023\/05\/Curso-Dialogo-entre-Oriente-y-Occidente-a-50-anos-del-encuentro-Toynbee-Ikeda-10-240x300.png 240w, https:\/\/www.cidiep.org.ar\/wp-content\/uploads\/2023\/05\/Curso-Dialogo-entre-Oriente-y-Occidente-a-50-anos-del-encuentro-Toynbee-Ikeda-10-768x960.png 768w, https:\/\/www.cidiep.org.ar\/wp-content\/uploads\/2023\/05\/Curso-Dialogo-entre-Oriente-y-Occidente-a-50-anos-del-encuentro-Toynbee-Ikeda-10.png 1080w\" sizes=\"(max-width: 819px) 100vw, 819px\" \/>\t\t\t\t\t\t\t\t<\/a>\n\t\t\t\t\t\t\t\t\t\t\t\t\t\t\t<\/div>\n\t\t\t\t<\/div>\n\t\t\t\t<div class=\"elementor-element elementor-element-27e0315 elementor-widget elementor-widget-text-editor\" data-id=\"27e0315\" data-element_type=\"widget\" data-e-type=\"widget\" data-widget_type=\"text-editor.default\">\n\t\t\t\t<div class=\"elementor-widget-container\">\n\t\t\t\t\t\t\t\t\t<p>El curso titulado \u201cLas par\u00e1bolas en el Sutra del loto\u201d se enfoca en el valor pedag\u00f3gico, literario e hist\u00f3rico de las par\u00e1bolas principales del Sutra del loto.\u00a0<\/p>\t\t\t\t\t\t\t\t<\/div>\n\t\t\t\t<\/div>\n\t\t\t\t<div class=\"elementor-element elementor-element-04fa136 elementor-align-justify elementor-widget elementor-widget-button\" data-id=\"04fa136\" data-element_type=\"widget\" data-e-type=\"widget\" data-widget_type=\"button.default\">\n\t\t\t\t<div class=\"elementor-widget-container\">\n\t\t\t\t\t\t\t\t\t<div class=\"elementor-button-wrapper\">\n\t\t\t\t\t<a class=\"elementor-button elementor-button-link elementor-size-sm\" href=\"https:\/\/www.cidiep.org.ar\/curso-las-parabolas-en-el-sutra-del-loto\/\">\n\t\t\t\t\t\t<span class=\"elementor-button-content-wrapper\">\n\t\t\t\t\t\t\t\t\t<span class=\"elementor-button-text\">Leer m\u00e1s<\/span>\n\t\t\t\t\t<\/span>\n\t\t\t\t\t<\/a>\n\t\t\t\t<\/div>\n\t\t\t\t\t\t\t\t<\/div>\n\t\t\t\t<\/div>\n\t\t\t\t\t<\/div>\n\t\t<\/div>\n\t\t\t\t<div class=\"elementor-column elementor-col-50 elementor-inner-column elementor-element elementor-element-f65a97a\" data-id=\"f65a97a\" data-element_type=\"column\" data-e-type=\"column\">\n\t\t\t<div class=\"elementor-widget-wrap elementor-element-populated\">\n\t\t\t\t\t\t<div class=\"elementor-element elementor-element-cdbda52 elementor-widget elementor-widget-heading\" data-id=\"cdbda52\" data-element_type=\"widget\" data-e-type=\"widget\" data-widget_type=\"heading.default\">\n\t\t\t\t<div class=\"elementor-widget-container\">\n\t\t\t\t\t<h2 class=\"elementor-heading-title elementor-size-default\">Curso \u00abLa Ruta de la Seda: La Sabidur\u00eda del Sutra del loto\u00bb<\/h2>\t\t\t\t<\/div>\n\t\t\t\t<\/div>\n\t\t\t\t<div class=\"elementor-element elementor-element-c050e91 elementor-widget elementor-widget-image\" data-id=\"c050e91\" data-element_type=\"widget\" data-e-type=\"widget\" data-widget_type=\"image.default\">\n\t\t\t\t<div class=\"elementor-widget-container\">\n\t\t\t\t\t\t\t\t\t\t\t\t\t\t\t\t<a href=\"https:\/\/www.cidiep.org.ar\/curso-ruta-de-la-seda-la-sabiduria-del-sutra-del-loto\/\">\n\t\t\t\t\t\t\t<img loading=\"lazy\" decoding=\"async\" width=\"819\" height=\"1024\" src=\"https:\/\/www.cidiep.org.ar\/wp-content\/uploads\/2023\/05\/Curso-Dialogo-entre-Oriente-y-Occidente-a-50-anos-del-encuentro-Toynbee-Ikeda-9-819x1024.png\" class=\"attachment-large size-large wp-image-2003\" alt=\"\" srcset=\"https:\/\/www.cidiep.org.ar\/wp-content\/uploads\/2023\/05\/Curso-Dialogo-entre-Oriente-y-Occidente-a-50-anos-del-encuentro-Toynbee-Ikeda-9-819x1024.png 819w, https:\/\/www.cidiep.org.ar\/wp-content\/uploads\/2023\/05\/Curso-Dialogo-entre-Oriente-y-Occidente-a-50-anos-del-encuentro-Toynbee-Ikeda-9-240x300.png 240w, https:\/\/www.cidiep.org.ar\/wp-content\/uploads\/2023\/05\/Curso-Dialogo-entre-Oriente-y-Occidente-a-50-anos-del-encuentro-Toynbee-Ikeda-9-768x960.png 768w, https:\/\/www.cidiep.org.ar\/wp-content\/uploads\/2023\/05\/Curso-Dialogo-entre-Oriente-y-Occidente-a-50-anos-del-encuentro-Toynbee-Ikeda-9.png 1080w\" sizes=\"(max-width: 819px) 100vw, 819px\" \/>\t\t\t\t\t\t\t\t<\/a>\n\t\t\t\t\t\t\t\t\t\t\t\t\t\t\t<\/div>\n\t\t\t\t<\/div>\n\t\t\t\t<div class=\"elementor-element elementor-element-f8333f6 elementor-widget elementor-widget-text-editor\" data-id=\"f8333f6\" data-element_type=\"widget\" data-e-type=\"widget\" data-widget_type=\"text-editor.default\">\n\t\t\t\t<div class=\"elementor-widget-container\">\n\t\t\t\t\t\t\t\t\t<p>El Curso \u201cRuta de la Seda: Sabidur\u00eda del Sutra del loto\u201d se enfoca en las Rutas de la Seda y las ense\u00f1anzas del Sutra del loto.&nbsp;<\/p>\t\t\t\t\t\t\t\t<\/div>\n\t\t\t\t<\/div>\n\t\t\t\t<div class=\"elementor-element elementor-element-d6b5624 elementor-align-justify elementor-widget elementor-widget-button\" data-id=\"d6b5624\" data-element_type=\"widget\" data-e-type=\"widget\" data-widget_type=\"button.default\">\n\t\t\t\t<div class=\"elementor-widget-container\">\n\t\t\t\t\t\t\t\t\t<div class=\"elementor-button-wrapper\">\n\t\t\t\t\t<a class=\"elementor-button elementor-button-link elementor-size-sm\" href=\"https:\/\/www.cidiep.org.ar\/curso-ruta-de-la-seda-la-sabiduria-del-sutra-del-loto\/\">\n\t\t\t\t\t\t<span class=\"elementor-button-content-wrapper\">\n\t\t\t\t\t\t\t\t\t<span class=\"elementor-button-text\">Leer m\u00e1s<\/span>\n\t\t\t\t\t<\/span>\n\t\t\t\t\t<\/a>\n\t\t\t\t<\/div>\n\t\t\t\t\t\t\t\t<\/div>\n\t\t\t\t<\/div>\n\t\t\t\t\t<\/div>\n\t\t<\/div>\n\t\t\t\t\t<\/div>\n\t\t<\/section>\n\t\t\t\t\t<\/div>\n\t\t<\/div>\n\t\t\t\t\t<\/div>\n\t\t<\/section>\n\t\t\t\t<\/div>\n\t\t","protected":false},"excerpt":{"rendered":"<p>Cursos Segunda edici\u00f3n \u00abDi\u00e1logo entre Oriente y Occidente\u00bb El pr\u00f3ximo martes 18 de febrero, daremos inicio a este curso centrado en profundizar acerca de la importancia que posee el di\u00e1logo como herramienta para promover la paz. Descubriendo el valor y la trascendencia del hist\u00f3rico di\u00e1logo entablado entre Daisaku Ikeda y el historiador brit\u00e1nico Arnold J.&hellip;&nbsp;<a href=\"https:\/\/www.cidiep.org.ar\/?page_id=1131\" rel=\"bookmark\">Leer m\u00e1s &raquo;<span class=\"screen-reader-text\">Cursos<\/span><\/a><\/p>\n","protected":false},"author":1,"featured_media":380,"parent":0,"menu_order":0,"comment_status":"closed","ping_status":"closed","template":"page-templates\/template-pagebuilder-full-width.php","meta":{"neve_meta_sidebar":"","neve_meta_container":"","neve_meta_enable_content_width":"","neve_meta_content_width":0,"neve_meta_title_alignment":"","neve_meta_author_avatar":"","neve_post_elements_order":"","neve_meta_disable_header":"off","neve_meta_disable_footer":"","neve_meta_disable_title":"on","footnotes":""},"class_list":["post-1131","page","type-page","status-publish","has-post-thumbnail","hentry"],"_links":{"self":[{"href":"https:\/\/www.cidiep.org.ar\/index.php?rest_route=\/wp\/v2\/pages\/1131","targetHints":{"allow":["GET"]}}],"collection":[{"href":"https:\/\/www.cidiep.org.ar\/index.php?rest_route=\/wp\/v2\/pages"}],"about":[{"href":"https:\/\/www.cidiep.org.ar\/index.php?rest_route=\/wp\/v2\/types\/page"}],"author":[{"embeddable":true,"href":"https:\/\/www.cidiep.org.ar\/index.php?rest_route=\/wp\/v2\/users\/1"}],"replies":[{"embeddable":true,"href":"https:\/\/www.cidiep.org.ar\/index.php?rest_route=%2Fwp%2Fv2%2Fcomments&post=1131"}],"version-history":[{"count":134,"href":"https:\/\/www.cidiep.org.ar\/index.php?rest_route=\/wp\/v2\/pages\/1131\/revisions"}],"predecessor-version":[{"id":3281,"href":"https:\/\/www.cidiep.org.ar\/index.php?rest_route=\/wp\/v2\/pages\/1131\/revisions\/3281"}],"wp:featuredmedia":[{"embeddable":true,"href":"https:\/\/www.cidiep.org.ar\/index.php?rest_route=\/wp\/v2\/media\/380"}],"wp:attachment":[{"href":"https:\/\/www.cidiep.org.ar\/index.php?rest_route=%2Fwp%2Fv2%2Fmedia&parent=1131"}],"curies":[{"name":"wp","href":"https:\/\/api.w.org\/{rel}","templated":true}]}}