{"id":1135,"date":"2022-07-20T18:09:22","date_gmt":"2022-07-20T18:09:22","guid":{"rendered":"https:\/\/cidiep.org.ar\/wp\/?page_id=1135"},"modified":"2022-08-24T12:53:43","modified_gmt":"2022-08-24T12:53:43","slug":"seminarios-y-exposiciones","status":"publish","type":"page","link":"https:\/\/www.cidiep.org.ar\/?page_id=1135","title":{"rendered":"Seminarios y Exposiciones"},"content":{"rendered":"\t\t<div data-elementor-type=\"wp-page\" data-elementor-id=\"1135\" class=\"elementor elementor-1135\">\n\t\t\t\t\t\t<section class=\"elementor-section elementor-top-section elementor-element elementor-element-10277c3 elementor-section-height-min-height elementor-section-boxed elementor-section-height-default elementor-section-items-middle\" data-id=\"10277c3\" data-element_type=\"section\" data-e-type=\"section\" data-settings=\"{&quot;background_background&quot;:&quot;gradient&quot;,&quot;background_motion_fx_motion_fx_mouse&quot;:&quot;yes&quot;,&quot;background_motion_fx_mouseTrack_effect&quot;:&quot;yes&quot;,&quot;background_motion_fx_mouseTrack_speed&quot;:{&quot;unit&quot;:&quot;px&quot;,&quot;size&quot;:2.4,&quot;sizes&quot;:[]}}\">\n\t\t\t\t\t\t\t<div class=\"elementor-background-overlay\"><\/div>\n\t\t\t\t\t\t\t<div class=\"elementor-container elementor-column-gap-default\">\n\t\t\t\t\t<div class=\"elementor-column elementor-col-100 elementor-top-column elementor-element elementor-element-101a8ee\" data-id=\"101a8ee\" data-element_type=\"column\" data-e-type=\"column\">\n\t\t\t<div class=\"elementor-widget-wrap elementor-element-populated\">\n\t\t\t\t\t\t<div class=\"elementor-element elementor-element-b4c4cb6 elementor-widget elementor-widget-heading\" data-id=\"b4c4cb6\" data-element_type=\"widget\" data-e-type=\"widget\" data-widget_type=\"heading.default\">\n\t\t\t\t<div class=\"elementor-widget-container\">\n\t\t\t\t\t<h2 class=\"elementor-heading-title elementor-size-default\">Seminarios y Exposiciones<\/h2>\t\t\t\t<\/div>\n\t\t\t\t<\/div>\n\t\t\t\t\t<\/div>\n\t\t<\/div>\n\t\t\t\t\t<\/div>\n\t\t<\/section>\n\t\t\t\t<section class=\"elementor-section elementor-top-section elementor-element elementor-element-9c01049 elementor-section-boxed elementor-section-height-default elementor-section-height-default\" data-id=\"9c01049\" data-element_type=\"section\" data-e-type=\"section\" id=\"seminarios\">\n\t\t\t\t\t\t<div class=\"elementor-container elementor-column-gap-default\">\n\t\t\t\t\t<div class=\"elementor-column elementor-col-100 elementor-top-column elementor-element elementor-element-76d3244\" data-id=\"76d3244\" data-element_type=\"column\" data-e-type=\"column\">\n\t\t\t<div class=\"elementor-widget-wrap elementor-element-populated\">\n\t\t\t\t\t\t<section class=\"elementor-section elementor-inner-section elementor-element elementor-element-efcad69 elementor-section-boxed elementor-section-height-default elementor-section-height-default\" data-id=\"efcad69\" data-element_type=\"section\" data-e-type=\"section\">\n\t\t\t\t\t\t<div class=\"elementor-container elementor-column-gap-default\">\n\t\t\t\t\t<div class=\"elementor-column elementor-col-50 elementor-inner-column elementor-element elementor-element-838d7d6\" data-id=\"838d7d6\" data-element_type=\"column\" data-e-type=\"column\">\n\t\t\t<div class=\"elementor-widget-wrap elementor-element-populated\">\n\t\t\t\t\t\t<div class=\"elementor-element elementor-element-5347169 elementor-widget elementor-widget-heading\" data-id=\"5347169\" data-element_type=\"widget\" data-e-type=\"widget\" data-widget_type=\"heading.default\">\n\t\t\t\t<div class=\"elementor-widget-container\">\n\t\t\t\t\t<h2 class=\"elementor-heading-title elementor-size-default\">Seminarios y Exposiciones<\/h2>\t\t\t\t<\/div>\n\t\t\t\t<\/div>\n\t\t\t\t<div class=\"elementor-element elementor-element-c98741f elementor-widget-divider--view-line elementor-widget elementor-widget-divider\" data-id=\"c98741f\" data-element_type=\"widget\" data-e-type=\"widget\" data-widget_type=\"divider.default\">\n\t\t\t\t<div class=\"elementor-widget-container\">\n\t\t\t\t\t\t\t<div class=\"elementor-divider\">\n\t\t\t<span class=\"elementor-divider-separator\">\n\t\t\t\t\t\t<\/span>\n\t\t<\/div>\n\t\t\t\t\t\t<\/div>\n\t\t\t\t<\/div>\n\t\t\t\t<div class=\"elementor-element elementor-element-3fe4cbc elementor-posts--show-thumbnail elementor-widget elementor-widget-posts\" data-id=\"3fe4cbc\" data-element_type=\"widget\" data-e-type=\"widget\" data-settings=\"{&quot;full_content_row_gap&quot;:{&quot;unit&quot;:&quot;px&quot;,&quot;size&quot;:35,&quot;sizes&quot;:[]}}\" data-widget_type=\"posts.full_content\">\n\t\t\t\t<div class=\"elementor-widget-container\">\n\t\t\t\t\t\t\t<div class=\"elementor-posts-container elementor-posts elementor-posts--skin-full_content elementor-grid\">\n\t\t\t\t<article class=\"elementor-post elementor-grid-item post-1009 post type-post status-publish format-standard has-post-thumbnail hentry category-seminarios-y-exposiciones\">\n\t\t\t\t<a class=\"elementor-post__thumbnail__link\" href=\"https:\/\/www.cidiep.org.ar\/?p=1009\" >\n\t\t<div class=\"elementor-post__thumbnail\"><img fetchpriority=\"high\" decoding=\"async\" width=\"2560\" height=\"1920\" src=\"https:\/\/www.cidiep.org.ar\/wp-content\/uploads\/2022\/07\/IMG_1253-scaled.jpg\" class=\"attachment-full size-full wp-image-1465\" alt=\"\" srcset=\"https:\/\/www.cidiep.org.ar\/wp-content\/uploads\/2022\/07\/IMG_1253-scaled.jpg 2560w, https:\/\/www.cidiep.org.ar\/wp-content\/uploads\/2022\/07\/IMG_1253-300x225.jpg 300w, https:\/\/www.cidiep.org.ar\/wp-content\/uploads\/2022\/07\/IMG_1253-1024x768.jpg 1024w, https:\/\/www.cidiep.org.ar\/wp-content\/uploads\/2022\/07\/IMG_1253-768x576.jpg 768w, https:\/\/www.cidiep.org.ar\/wp-content\/uploads\/2022\/07\/IMG_1253-1536x1152.jpg 1536w, https:\/\/www.cidiep.org.ar\/wp-content\/uploads\/2022\/07\/IMG_1253-2048x1536.jpg 2048w\" sizes=\"(max-width: 2560px) 100vw, 2560px\" \/><\/div>\n\t\t<\/a>\n\t\t\t\t<div class=\"elementor-post__text\">\n\t\t\t\t<h3 class=\"elementor-post__title\">\n\t\t\t<a href=\"https:\/\/www.cidiep.org.ar\/?p=1009\" >\n\t\t\t\tExposici\u00f3n \u201cLa Ruta de la Seda: el Sutra del loto, un mensaje de paz y coexistencia armoniosa\u201d\t\t\t<\/a>\n\t\t<\/h3>\n\t\t\n<p><em>La exposici\u00f3n \u00abLa ruta de la seda del Sutra del loto: un mensaje de Paz y Coexistencia armoniosa\u00bb, es una muestra organizada entre el instituto de Filosof\u00eda Oriental (IOP), la Soka Gakkai Internacional de la Argentina.<\/em><\/p>\n\n\n\n<p><em>Esta exposici\u00f3n destaca el mensaje central de paz y coexistencia armoniosa que posee el Sutra del loto. La misma narra el nacimiento del Budismo en la India y de c\u00f3mo se&nbsp; extendi\u00f3 ampliamente en todo Asia, poniendo en relieve la historia y la importancia que ha tenido el Sutra de loto.&nbsp;<\/em><\/p>\n\n\n\n<p><em>En esta muestra podremos encontrar objetos relacionados a la historia y la transmisi\u00f3n de las ense\u00f1anzas del Sutra del loto, como as\u00ed&nbsp; tambi\u00e9n, reproducciones facsimilares y romanizadas de varios tipos de manuscritos del canon m\u00e1s importante del budismo, muchos de los cuales fueron realizados en forma conjunta con la Academia Dunhuang de China, el Instituto de Manuscritos Orientales de la Academia Rusa de Ciencias, la Academia Internacional de Cultura de la India y la biblioteca brit\u00e1nica. Esta tarea conjunta permiti\u00f3&nbsp; la reproducci\u00f3n y difusi\u00f3n de distintas versiones del Sutra de loto archivadas en varias regiones del mundo a lo largo de casi dos milenios. Tambi\u00e9n se incluye entre sus paneles par\u00e1bolas del Sutra del loto, ilustradas en los murales de las cuevas de Mogao (circa 300-1300 d. C.), descubiertas en Dunhuang, China.<\/em><\/p>\n\n\n\n<p><em>\u201cLa ruta de la seda: el Sutra del Loto, un mensaje de Paz y Coexistencia armoniosa\u201d, ha obtenido un gran reconocimiento internacional, la misma&nbsp; se ha llevado adelante en la Universidad de Madras, en la Universidad de Delhi, en la Universidad de Lleida entre otros. Tambi\u00e9n ha sido exhibida en distintas ciudades, como Londres, Taiw\u00e1n y Malasia; en nuestro pa\u00eds tambi\u00e9n se ha exhibido en la Universidad Nacional del Salvador, Universidad Nacional de Jujuy, la Universidad Nacional de Tucuman y la Universidad Nacional de Tierra del Fuego.<\/em><\/p>\n\n\n\n<figure class=\"wp-block-embed is-type-video is-provider-youtube wp-block-embed-youtube wp-embed-aspect-16-9 wp-has-aspect-ratio\"><div class=\"wp-block-embed__wrapper\">\n<div class=\"nv-iframe-embed\"><iframe title=\"Exposici\u00f3n La Ruta de la Seda\" width=\"1200\" height=\"675\" src=\"https:\/\/www.youtube.com\/embed\/Jw9r0FS79uQ?feature=oembed\" frameborder=\"0\" allow=\"accelerometer; autoplay; clipboard-write; encrypted-media; gyroscope; picture-in-picture\" allowfullscreen><\/iframe><\/div>\n<\/div><\/figure>\n\t\t<\/div>\n\t\t\t\t<\/article>\n\t\t\t\t<\/div>\n\n\n\t\t\n\t\t\t\t\t\t<\/div>\n\t\t\t\t<\/div>\n\t\t\t\t\t<\/div>\n\t\t<\/div>\n\t\t\t\t<div class=\"elementor-column elementor-col-50 elementor-inner-column elementor-element elementor-element-eb92b50\" data-id=\"eb92b50\" data-element_type=\"column\" data-e-type=\"column\">\n\t\t\t<div class=\"elementor-widget-wrap\">\n\t\t\t\t\t\t\t<\/div>\n\t\t<\/div>\n\t\t\t\t\t<\/div>\n\t\t<\/section>\n\t\t\t\t\t<\/div>\n\t\t<\/div>\n\t\t\t\t\t<\/div>\n\t\t<\/section>\n\t\t\t\t<\/div>\n\t\t","protected":false},"excerpt":{"rendered":"<p>Seminarios y Exposiciones Seminarios y Exposiciones<\/p>\n","protected":false},"author":1,"featured_media":380,"parent":0,"menu_order":0,"comment_status":"closed","ping_status":"closed","template":"page-templates\/template-pagebuilder-full-width.php","meta":{"neve_meta_sidebar":"","neve_meta_container":"","neve_meta_enable_content_width":"","neve_meta_content_width":0,"neve_meta_title_alignment":"","neve_meta_author_avatar":"","neve_post_elements_order":"","neve_meta_disable_header":"off","neve_meta_disable_footer":"","neve_meta_disable_title":"on","footnotes":""},"class_list":["post-1135","page","type-page","status-publish","has-post-thumbnail","hentry"],"_links":{"self":[{"href":"https:\/\/www.cidiep.org.ar\/index.php?rest_route=\/wp\/v2\/pages\/1135","targetHints":{"allow":["GET"]}}],"collection":[{"href":"https:\/\/www.cidiep.org.ar\/index.php?rest_route=\/wp\/v2\/pages"}],"about":[{"href":"https:\/\/www.cidiep.org.ar\/index.php?rest_route=\/wp\/v2\/types\/page"}],"author":[{"embeddable":true,"href":"https:\/\/www.cidiep.org.ar\/index.php?rest_route=\/wp\/v2\/users\/1"}],"replies":[{"embeddable":true,"href":"https:\/\/www.cidiep.org.ar\/index.php?rest_route=%2Fwp%2Fv2%2Fcomments&post=1135"}],"version-history":[{"count":22,"href":"https:\/\/www.cidiep.org.ar\/index.php?rest_route=\/wp\/v2\/pages\/1135\/revisions"}],"predecessor-version":[{"id":1693,"href":"https:\/\/www.cidiep.org.ar\/index.php?rest_route=\/wp\/v2\/pages\/1135\/revisions\/1693"}],"wp:featuredmedia":[{"embeddable":true,"href":"https:\/\/www.cidiep.org.ar\/index.php?rest_route=\/wp\/v2\/media\/380"}],"wp:attachment":[{"href":"https:\/\/www.cidiep.org.ar\/index.php?rest_route=%2Fwp%2Fv2%2Fmedia&parent=1135"}],"curies":[{"name":"wp","href":"https:\/\/api.w.org\/{rel}","templated":true}]}}