{"id":749,"date":"2022-07-18T17:50:20","date_gmt":"2022-07-18T17:50:20","guid":{"rendered":"https:\/\/cidiep.org.ar\/wp\/?page_id=749"},"modified":"2026-04-01T12:09:08","modified_gmt":"2026-04-01T15:09:08","slug":"actividades","status":"publish","type":"page","link":"https:\/\/www.cidiep.org.ar\/?page_id=749","title":{"rendered":"Actividades"},"content":{"rendered":"<h2>Actividades<\/h2>\n<p>El CIDIEP lleva adelante diferentes actividades que se desarrollan de manera presencial y virtual, con el fin de promover el di\u00e1logo y contribuir a una cultura human\u00edstica. Entre ellas, cursos, seminarios, exposiciones y ciclos de di\u00e1logos sobre diversas tem\u00e1ticas. <\/p>\n<p>CURSOS Y SEMINARIOS<\/p>\n<p>\t\t\t<a href=\"https:\/\/www.cidiep.org.ar\/cursos\/\"><br \/>\n\t\t\t\t\t\t\t\t\tVER<br \/>\n\t\t\t\t\t<\/a><\/p>\n<p>INSTITUTO DE ARTES PARA LA PAZ<\/p>\n<p>\t\t\t<a href=\"https:\/\/www.cidiep.org.ar\/instituto-de-artes-para-la-paz\/\"><br \/>\n\t\t\t\t\t\t\t\t\tVER<br \/>\n\t\t\t\t\t<\/a><\/p>\n<p>CICLO DE DI\u00c1LOGOS POR LA PAZ<\/p>\n<p>\t\t\t<a href=\"https:\/\/www.cidiep.org.ar\/ciclos-de-dialogos-por-la-paz\/\"><br \/>\n\t\t\t\t\t\t\t\t\tVER<br \/>\n\t\t\t\t\t<\/a><\/p>\n<p>SEMINARIOS Y EXPOSICIONES<\/p>\n<p>\t\t\t<a href=\"https:\/\/www.cidiep.org.ar\/seminarios-y-exposiciones\/\"><br \/>\n\t\t\t\t\t\t\t\t\tVER<br \/>\n\t\t\t\t\t<\/a><\/p>\n","protected":false},"excerpt":{"rendered":"<p>Actividades El CIDIEP lleva adelante diferentes actividades que se desarrollan de manera presencial y virtual, con el fin de promover el di\u00e1logo y contribuir a una cultura human\u00edstica. Entre ellas, cursos, seminarios, exposiciones y ciclos de di\u00e1logos sobre diversas tem\u00e1ticas. CURSOS Y SEMINARIOS VER INSTITUTO DE ARTES PARA LA PAZ VER CICLO DE DI\u00c1LOGOS POR&hellip;&nbsp;<a href=\"https:\/\/www.cidiep.org.ar\/?page_id=749\" rel=\"bookmark\">Leer m\u00e1s &raquo;<span class=\"screen-reader-text\">Actividades<\/span><\/a><\/p>\n","protected":false},"author":1,"featured_media":380,"parent":0,"menu_order":0,"comment_status":"closed","ping_status":"closed","template":"page-templates\/template-pagebuilder-full-width.php","meta":{"neve_meta_sidebar":"","neve_meta_container":"","neve_meta_enable_content_width":"","neve_meta_content_width":0,"neve_meta_title_alignment":"","neve_meta_author_avatar":"","neve_post_elements_order":"","neve_meta_disable_header":"off","neve_meta_disable_footer":"","neve_meta_disable_title":"on","footnotes":""},"class_list":["post-749","page","type-page","status-publish","has-post-thumbnail","hentry"],"_links":{"self":[{"href":"https:\/\/www.cidiep.org.ar\/index.php?rest_route=\/wp\/v2\/pages\/749","targetHints":{"allow":["GET"]}}],"collection":[{"href":"https:\/\/www.cidiep.org.ar\/index.php?rest_route=\/wp\/v2\/pages"}],"about":[{"href":"https:\/\/www.cidiep.org.ar\/index.php?rest_route=\/wp\/v2\/types\/page"}],"author":[{"embeddable":true,"href":"https:\/\/www.cidiep.org.ar\/index.php?rest_route=\/wp\/v2\/users\/1"}],"replies":[{"embeddable":true,"href":"https:\/\/www.cidiep.org.ar\/index.php?rest_route=%2Fwp%2Fv2%2Fcomments&post=749"}],"version-history":[{"count":74,"href":"https:\/\/www.cidiep.org.ar\/index.php?rest_route=\/wp\/v2\/pages\/749\/revisions"}],"predecessor-version":[{"id":3256,"href":"https:\/\/www.cidiep.org.ar\/index.php?rest_route=\/wp\/v2\/pages\/749\/revisions\/3256"}],"wp:featuredmedia":[{"embeddable":true,"href":"https:\/\/www.cidiep.org.ar\/index.php?rest_route=\/wp\/v2\/media\/380"}],"wp:attachment":[{"href":"https:\/\/www.cidiep.org.ar\/index.php?rest_route=%2Fwp%2Fv2%2Fmedia&parent=749"}],"curies":[{"name":"wp","href":"https:\/\/api.w.org\/{rel}","templated":true}]}}