{"id":761,"date":"2022-07-18T18:40:16","date_gmt":"2022-07-18T18:40:16","guid":{"rendered":"https:\/\/cidiep.org.ar\/wp\/?page_id=761"},"modified":"2024-07-12T18:25:47","modified_gmt":"2024-07-12T18:25:47","slug":"autoridades","status":"publish","type":"page","link":"https:\/\/www.cidiep.org.ar\/?page_id=761","title":{"rendered":"Autoridades"},"content":{"rendered":"\t\t<div data-elementor-type=\"wp-page\" data-elementor-id=\"761\" class=\"elementor elementor-761\">\n\t\t\t\t\t\t<section class=\"elementor-section elementor-top-section elementor-element elementor-element-3f185f9 elementor-section-height-min-height elementor-section-boxed elementor-section-height-default elementor-section-items-middle\" data-id=\"3f185f9\" data-element_type=\"section\" data-e-type=\"section\" data-settings=\"{&quot;background_background&quot;:&quot;gradient&quot;,&quot;background_motion_fx_motion_fx_mouse&quot;:&quot;yes&quot;,&quot;background_motion_fx_mouseTrack_effect&quot;:&quot;yes&quot;,&quot;background_motion_fx_mouseTrack_speed&quot;:{&quot;unit&quot;:&quot;px&quot;,&quot;size&quot;:2.4,&quot;sizes&quot;:[]}}\">\n\t\t\t\t\t\t\t<div class=\"elementor-background-overlay\"><\/div>\n\t\t\t\t\t\t\t<div class=\"elementor-container elementor-column-gap-default\">\n\t\t\t\t\t<div class=\"elementor-column elementor-col-100 elementor-top-column elementor-element elementor-element-0ddb022\" data-id=\"0ddb022\" data-element_type=\"column\" data-e-type=\"column\">\n\t\t\t<div class=\"elementor-widget-wrap elementor-element-populated\">\n\t\t\t\t\t\t<div class=\"elementor-element elementor-element-02f84e6 elementor-widget elementor-widget-heading\" data-id=\"02f84e6\" data-element_type=\"widget\" data-e-type=\"widget\" data-widget_type=\"heading.default\">\n\t\t\t\t<div class=\"elementor-widget-container\">\n\t\t\t\t\t<h2 class=\"elementor-heading-title elementor-size-default\">Autoridades<\/h2>\t\t\t\t<\/div>\n\t\t\t\t<\/div>\n\t\t\t\t\t<\/div>\n\t\t<\/div>\n\t\t\t\t\t<\/div>\n\t\t<\/section>\n\t\t\t\t<section class=\"elementor-section elementor-top-section elementor-element elementor-element-3219c7b elementor-section-boxed elementor-section-height-default elementor-section-height-default\" data-id=\"3219c7b\" data-element_type=\"section\" data-e-type=\"section\">\n\t\t\t\t\t\t<div class=\"elementor-container elementor-column-gap-default\">\n\t\t\t\t\t<div class=\"elementor-column elementor-col-100 elementor-top-column elementor-element elementor-element-40e46ac\" data-id=\"40e46ac\" data-element_type=\"column\" data-e-type=\"column\">\n\t\t\t<div class=\"elementor-widget-wrap elementor-element-populated\">\n\t\t\t\t\t\t<section class=\"elementor-section elementor-inner-section elementor-element elementor-element-88c40f5 elementor-section-boxed elementor-section-height-default elementor-section-height-default\" data-id=\"88c40f5\" data-element_type=\"section\" data-e-type=\"section\">\n\t\t\t\t\t\t<div class=\"elementor-container elementor-column-gap-default\">\n\t\t\t\t\t<div class=\"elementor-column elementor-col-50 elementor-inner-column elementor-element elementor-element-04b7189\" data-id=\"04b7189\" data-element_type=\"column\" data-e-type=\"column\">\n\t\t\t<div class=\"elementor-widget-wrap elementor-element-populated\">\n\t\t\t\t\t\t<div class=\"elementor-element elementor-element-db13590 elementor-widget__width-initial e-transform elementor-widget elementor-widget-image\" data-id=\"db13590\" data-element_type=\"widget\" data-e-type=\"widget\" data-settings=\"{&quot;_transform_scale_effect&quot;:{&quot;unit&quot;:&quot;px&quot;,&quot;size&quot;:1,&quot;sizes&quot;:[]},&quot;_transform_scale_effect_tablet&quot;:{&quot;unit&quot;:&quot;px&quot;,&quot;size&quot;:&quot;&quot;,&quot;sizes&quot;:[]},&quot;_transform_scale_effect_mobile&quot;:{&quot;unit&quot;:&quot;px&quot;,&quot;size&quot;:&quot;&quot;,&quot;sizes&quot;:[]}}\" data-widget_type=\"image.default\">\n\t\t\t\t<div class=\"elementor-widget-container\">\n\t\t\t\t\t\t\t\t\t\t\t\t\t\t\t<img fetchpriority=\"high\" decoding=\"async\" width=\"300\" height=\"300\" src=\"https:\/\/www.cidiep.org.ar\/wp-content\/uploads\/2024\/04\/Francisco-Delich-e1658244167880-300x300.jpg\" class=\"attachment-medium size-medium wp-image-2492\" alt=\"\" srcset=\"https:\/\/www.cidiep.org.ar\/wp-content\/uploads\/2024\/04\/Francisco-Delich-e1658244167880-300x300.jpg 300w, https:\/\/www.cidiep.org.ar\/wp-content\/uploads\/2024\/04\/Francisco-Delich-e1658244167880-150x150.jpg 150w, https:\/\/www.cidiep.org.ar\/wp-content\/uploads\/2024\/04\/Francisco-Delich-e1658244167880.jpg 400w\" sizes=\"(max-width: 300px) 100vw, 300px\" \/>\t\t\t\t\t\t\t\t\t\t\t\t\t\t\t<\/div>\n\t\t\t\t<\/div>\n\t\t\t\t<div class=\"elementor-element elementor-element-c0478db elementor-widget elementor-widget-heading\" data-id=\"c0478db\" data-element_type=\"widget\" data-e-type=\"widget\" data-widget_type=\"heading.default\">\n\t\t\t\t<div class=\"elementor-widget-container\">\n\t\t\t\t\t<h4 class=\"elementor-heading-title elementor-size-default\">FRANCISCO DELICH<\/h4>\t\t\t\t<\/div>\n\t\t\t\t<\/div>\n\t\t\t\t<div class=\"elementor-element elementor-element-0d0232e elementor-widget elementor-widget-heading\" data-id=\"0d0232e\" data-element_type=\"widget\" data-e-type=\"widget\" data-widget_type=\"heading.default\">\n\t\t\t\t<div class=\"elementor-widget-container\">\n\t\t\t\t\t<h6 class=\"elementor-heading-title elementor-size-default\">(1937-2016)<\/h6>\t\t\t\t<\/div>\n\t\t\t\t<\/div>\n\t\t\t\t<div class=\"elementor-element elementor-element-d38ce29 elementor-widget elementor-widget-heading\" data-id=\"d38ce29\" data-element_type=\"widget\" data-e-type=\"widget\" data-widget_type=\"heading.default\">\n\t\t\t\t<div class=\"elementor-widget-container\">\n\t\t\t\t\t<h6 class=\"elementor-heading-title elementor-size-default\">Fundador y Director del CIDIEP\n<\/h6>\t\t\t\t<\/div>\n\t\t\t\t<\/div>\n\t\t\t\t<div class=\"elementor-element elementor-element-01a3f53 elementor-widget elementor-widget-text-editor\" data-id=\"01a3f53\" data-element_type=\"widget\" data-e-type=\"widget\" data-widget_type=\"text-editor.default\">\n\t\t\t\t<div class=\"elementor-widget-container\">\n\t\t\t\t\t\t\t\t\t<p><i><span style=\"font-weight: 400;\">El Dr. Francisco Delich (nacido en 1937 en C\u00f3rdoba, Argentina), se destac\u00f3 como economista y soci\u00f3logo egresado de la Universidad de Par\u00eds, Sorbonne. Se desempe\u00f1\u00f3 como Secretario Ejecutivo del Consejo Latinoamericano de Ciencias Sociales (CLACSO), fue rector de las universidades nacionales de Buenos Aires y C\u00f3rdoba y director de la Biblioteca Nacional. Posteriormente perteneci\u00f3 al Consejo Superior de la Facultad Latino-americana de Ciencias Sociales (FLACSO).<\/span><\/i><\/p>\t\t\t\t\t\t\t\t<\/div>\n\t\t\t\t<\/div>\n\t\t\t\t\t<\/div>\n\t\t<\/div>\n\t\t\t\t<div class=\"elementor-column elementor-col-50 elementor-inner-column elementor-element elementor-element-940376e\" data-id=\"940376e\" data-element_type=\"column\" data-e-type=\"column\">\n\t\t\t<div class=\"elementor-widget-wrap elementor-element-populated\">\n\t\t\t\t\t\t<div class=\"elementor-element elementor-element-2cec164 elementor-widget elementor-widget-image\" data-id=\"2cec164\" data-element_type=\"widget\" data-e-type=\"widget\" data-widget_type=\"image.default\">\n\t\t\t\t<div class=\"elementor-widget-container\">\n\t\t\t\t\t\t\t\t\t\t\t\t\t\t\t<img decoding=\"async\" width=\"300\" height=\"300\" src=\"https:\/\/www.cidiep.org.ar\/wp-content\/uploads\/2022\/07\/Daisaku-Ikeda-e1658244019645-300x300.jpg\" class=\"attachment-medium size-medium wp-image-895\" alt=\"\" srcset=\"https:\/\/www.cidiep.org.ar\/wp-content\/uploads\/2022\/07\/Daisaku-Ikeda-e1658244019645-300x300.jpg 300w, https:\/\/www.cidiep.org.ar\/wp-content\/uploads\/2022\/07\/Daisaku-Ikeda-e1658244019645-150x150.jpg 150w, https:\/\/www.cidiep.org.ar\/wp-content\/uploads\/2022\/07\/Daisaku-Ikeda-e1658244019645.jpg 499w\" sizes=\"(max-width: 300px) 100vw, 300px\" \/>\t\t\t\t\t\t\t\t\t\t\t\t\t\t\t<\/div>\n\t\t\t\t<\/div>\n\t\t\t\t<div class=\"elementor-element elementor-element-ceb09ee elementor-widget elementor-widget-heading\" data-id=\"ceb09ee\" data-element_type=\"widget\" data-e-type=\"widget\" data-widget_type=\"heading.default\">\n\t\t\t\t<div class=\"elementor-widget-container\">\n\t\t\t\t\t<h4 class=\"elementor-heading-title elementor-size-default\">DAISAKU IKEDA<\/h4>\t\t\t\t<\/div>\n\t\t\t\t<\/div>\n\t\t\t\t<div class=\"elementor-element elementor-element-e7b52c2 elementor-widget elementor-widget-heading\" data-id=\"e7b52c2\" data-element_type=\"widget\" data-e-type=\"widget\" data-widget_type=\"heading.default\">\n\t\t\t\t<div class=\"elementor-widget-container\">\n\t\t\t\t\t<h4 class=\"elementor-heading-title elementor-size-small\">(1928-2023)<\/h4>\t\t\t\t<\/div>\n\t\t\t\t<\/div>\n\t\t\t\t<div class=\"elementor-element elementor-element-a77c8c0 elementor-widget elementor-widget-heading\" data-id=\"a77c8c0\" data-element_type=\"widget\" data-e-type=\"widget\" data-widget_type=\"heading.default\">\n\t\t\t\t<div class=\"elementor-widget-container\">\n\t\t\t\t\t<h6 class=\"elementor-heading-title elementor-size-default\">Presidente honorario del CIDIEP<\/h6>\t\t\t\t<\/div>\n\t\t\t\t<\/div>\n\t\t\t\t<div class=\"elementor-element elementor-element-ced8fa0 elementor-widget elementor-widget-text-editor\" data-id=\"ced8fa0\" data-element_type=\"widget\" data-e-type=\"widget\" data-widget_type=\"text-editor.default\">\n\t\t\t\t<div class=\"elementor-widget-container\">\n\t\t\t\t\t\t\t\t\t<p><i><span style=\"font-weight: 400;\">El Dr. Daisaku Ikeda (nacido en Tokyo, Jap\u00f3n) se ha dedicado con esfuerzo infatigable al desarrollo de la Paz en Oriente y Occidente promoviendo s\u00f3lidos puentes de intercambio y amistad en todo el mundo. Su tarea en defensa y difusi\u00f3n de la Paz como escritor, fil\u00f3sofo y fundador de instituciones acad\u00e9micas y culturales se ve plasmada en sus obras, entre las cuales se destacan Choose Peace: Dialogue between Johan Galtung &amp; Daisaku Ikeda (1995) [Escoge la Paz: Di\u00e1logo entre Johan Galtung &amp; Daisaku Ikeda], y en Buddhist Peace Work\u2014Creating Cultures of Peace (1999) [Trabajo budista por la Paz\u2014Creando culturas de Paz], editado por David W. Chappell.<\/span><\/i><\/p>\t\t\t\t\t\t\t\t<\/div>\n\t\t\t\t<\/div>\n\t\t\t\t\t<\/div>\n\t\t<\/div>\n\t\t\t\t\t<\/div>\n\t\t<\/section>\n\t\t\t\t<section class=\"elementor-section elementor-inner-section elementor-element elementor-element-6f4cb1f elementor-section-boxed elementor-section-height-default elementor-section-height-default\" data-id=\"6f4cb1f\" data-element_type=\"section\" data-e-type=\"section\">\n\t\t\t\t\t\t<div class=\"elementor-container elementor-column-gap-default\">\n\t\t\t\t\t<div class=\"elementor-column elementor-col-50 elementor-inner-column elementor-element elementor-element-a59a0a0\" data-id=\"a59a0a0\" data-element_type=\"column\" data-e-type=\"column\">\n\t\t\t<div class=\"elementor-widget-wrap elementor-element-populated\">\n\t\t\t\t\t\t<div class=\"elementor-element elementor-element-f6ddf6d elementor-widget elementor-widget-image\" data-id=\"f6ddf6d\" data-element_type=\"widget\" data-e-type=\"widget\" data-widget_type=\"image.default\">\n\t\t\t\t<div class=\"elementor-widget-container\">\n\t\t\t\t\t\t\t\t\t\t\t\t\t\t\t<img decoding=\"async\" width=\"300\" height=\"300\" src=\"https:\/\/www.cidiep.org.ar\/wp-content\/uploads\/2022\/07\/Dr.-Carlos-Rua-e1658244409152-300x300.jpeg\" class=\"attachment-medium size-medium wp-image-893\" alt=\"\" srcset=\"https:\/\/www.cidiep.org.ar\/wp-content\/uploads\/2022\/07\/Dr.-Carlos-Rua-e1658244409152-300x300.jpeg 300w, https:\/\/www.cidiep.org.ar\/wp-content\/uploads\/2022\/07\/Dr.-Carlos-Rua-e1658244409152-150x150.jpeg 150w, https:\/\/www.cidiep.org.ar\/wp-content\/uploads\/2022\/07\/Dr.-Carlos-Rua-e1658244409152.jpeg 500w\" sizes=\"(max-width: 300px) 100vw, 300px\" \/>\t\t\t\t\t\t\t\t\t\t\t\t\t\t\t<\/div>\n\t\t\t\t<\/div>\n\t\t\t\t<div class=\"elementor-element elementor-element-1c94a0f elementor-widget elementor-widget-heading\" data-id=\"1c94a0f\" data-element_type=\"widget\" data-e-type=\"widget\" data-widget_type=\"heading.default\">\n\t\t\t\t<div class=\"elementor-widget-container\">\n\t\t\t\t\t<h4 class=\"elementor-heading-title elementor-size-default\">CARLOS R\u00daA<\/h4>\t\t\t\t<\/div>\n\t\t\t\t<\/div>\n\t\t\t\t<div class=\"elementor-element elementor-element-d9ff72a elementor-widget elementor-widget-heading\" data-id=\"d9ff72a\" data-element_type=\"widget\" data-e-type=\"widget\" data-widget_type=\"heading.default\">\n\t\t\t\t<div class=\"elementor-widget-container\">\n\t\t\t\t\t<h6 class=\"elementor-heading-title elementor-size-default\">Director del Centro de Estudios por una Cultura de Paz\n<\/h6>\t\t\t\t<\/div>\n\t\t\t\t<\/div>\n\t\t\t\t<div class=\"elementor-element elementor-element-e433104 elementor-widget elementor-widget-text-editor\" data-id=\"e433104\" data-element_type=\"widget\" data-e-type=\"widget\" data-widget_type=\"text-editor.default\">\n\t\t\t\t<div class=\"elementor-widget-container\">\n\t\t\t\t\t\t\t\t\t<p><i><span style=\"font-weight: 400;\">El Dr. Carlos R\u00faa se desempe\u00f1a como Director de la Escuela de Estudios Orientales de la Universidad del Salvador. A su vez, es profesor titular de las c\u00e1tedras corrientes de Pensamiento Chino, Literatura Cl\u00e1sica China, Religiones Comparadas, y Literaturas Cl\u00e1sicas de la India. A trav\u00e9s de su labor y trayectoria ha realizado una gran contribuci\u00f3n a la difusi\u00f3n del pensamiento oriental en nuestro pa\u00eds y trabajado incansablemente para fortalecer los puentes de amistad entre las culturas oriental y latinoamericana.<\/span><\/i><\/p>\t\t\t\t\t\t\t\t<\/div>\n\t\t\t\t<\/div>\n\t\t\t\t\t<\/div>\n\t\t<\/div>\n\t\t\t\t<div class=\"elementor-column elementor-col-50 elementor-inner-column elementor-element elementor-element-044bd7d\" data-id=\"044bd7d\" data-element_type=\"column\" data-e-type=\"column\">\n\t\t\t<div class=\"elementor-widget-wrap elementor-element-populated\">\n\t\t\t\t\t\t<div class=\"elementor-element elementor-element-15ca734 elementor-widget elementor-widget-image\" data-id=\"15ca734\" data-element_type=\"widget\" data-e-type=\"widget\" data-widget_type=\"image.default\">\n\t\t\t\t<div class=\"elementor-widget-container\">\n\t\t\t\t\t\t\t\t\t\t\t\t\t\t\t<img loading=\"lazy\" decoding=\"async\" width=\"300\" height=\"300\" src=\"https:\/\/www.cidiep.org.ar\/wp-content\/uploads\/2022\/07\/Adolfo-Perez-Esquivel-e1658244255963-300x300.jpg\" class=\"attachment-medium size-medium wp-image-896\" alt=\"\" srcset=\"https:\/\/www.cidiep.org.ar\/wp-content\/uploads\/2022\/07\/Adolfo-Perez-Esquivel-e1658244255963-300x300.jpg 300w, https:\/\/www.cidiep.org.ar\/wp-content\/uploads\/2022\/07\/Adolfo-Perez-Esquivel-e1658244255963-150x150.jpg 150w, https:\/\/www.cidiep.org.ar\/wp-content\/uploads\/2022\/07\/Adolfo-Perez-Esquivel-e1658244255963.jpg 649w\" sizes=\"(max-width: 300px) 100vw, 300px\" \/>\t\t\t\t\t\t\t\t\t\t\t\t\t\t\t<\/div>\n\t\t\t\t<\/div>\n\t\t\t\t<div class=\"elementor-element elementor-element-e27845e elementor-widget elementor-widget-heading\" data-id=\"e27845e\" data-element_type=\"widget\" data-e-type=\"widget\" data-widget_type=\"heading.default\">\n\t\t\t\t<div class=\"elementor-widget-container\">\n\t\t\t\t\t<h4 class=\"elementor-heading-title elementor-size-default\">ADOLFO P\u00c9REZ ESQUIVEL<\/h4>\t\t\t\t<\/div>\n\t\t\t\t<\/div>\n\t\t\t\t<div class=\"elementor-element elementor-element-dffbac5 elementor-widget elementor-widget-heading\" data-id=\"dffbac5\" data-element_type=\"widget\" data-e-type=\"widget\" data-widget_type=\"heading.default\">\n\t\t\t\t<div class=\"elementor-widget-container\">\n\t\t\t\t\t<h6 class=\"elementor-heading-title elementor-size-default\">Presidente del Comit\u00e9 de Notables\n<\/h6>\t\t\t\t<\/div>\n\t\t\t\t<\/div>\n\t\t\t\t<div class=\"elementor-element elementor-element-275e5a3 elementor-widget elementor-widget-text-editor\" data-id=\"275e5a3\" data-element_type=\"widget\" data-e-type=\"widget\" data-widget_type=\"text-editor.default\">\n\t\t\t\t<div class=\"elementor-widget-container\">\n\t\t\t\t\t\t\t\t\t<p><i><span style=\"font-weight: 400;\">El Dr. Adolfo P\u00e9rez Esquivel (nacido en 1931 en Buenos Aires, Argentina) es arquitecto y artista pl\u00e1stico. Por su compromiso con la defensa de la Democracia y los Derechos Humanos por medios no-violentos frente a las dictaduras militares en Am\u00e9rica Latina, fue reconocido con el Premio Nobel de la Paz en 1980. Desde hace d\u00e9cadas mantiene una entra\u00f1able amistad con el Dr. Ikeda basada en la defensa del pueblo, la educaci\u00f3n y el rol de los j\u00f3venes en la construcci\u00f3n de la paz.<\/span><\/i><\/p>\t\t\t\t\t\t\t\t<\/div>\n\t\t\t\t<\/div>\n\t\t\t\t\t<\/div>\n\t\t<\/div>\n\t\t\t\t\t<\/div>\n\t\t<\/section>\n\t\t\t\t<section class=\"elementor-section elementor-inner-section elementor-element elementor-element-42cba19 elementor-section-boxed elementor-section-height-default elementor-section-height-default\" data-id=\"42cba19\" data-element_type=\"section\" data-e-type=\"section\">\n\t\t\t\t\t\t<div class=\"elementor-container elementor-column-gap-default\">\n\t\t\t\t\t<div class=\"elementor-column elementor-col-100 elementor-inner-column elementor-element elementor-element-bf6f292\" data-id=\"bf6f292\" data-element_type=\"column\" data-e-type=\"column\">\n\t\t\t<div class=\"elementor-widget-wrap elementor-element-populated\">\n\t\t\t\t\t\t<div class=\"elementor-element elementor-element-571f255 elementor-widget elementor-widget-image\" data-id=\"571f255\" data-element_type=\"widget\" data-e-type=\"widget\" data-widget_type=\"image.default\">\n\t\t\t\t<div class=\"elementor-widget-container\">\n\t\t\t\t\t\t\t\t\t\t\t\t\t\t\t<img loading=\"lazy\" decoding=\"async\" width=\"300\" height=\"300\" src=\"https:\/\/www.cidiep.org.ar\/wp-content\/uploads\/2022\/07\/Luis-Negretti-e1658244385577-300x300.jpg\" class=\"attachment-medium size-medium wp-image-897\" alt=\"\" srcset=\"https:\/\/www.cidiep.org.ar\/wp-content\/uploads\/2022\/07\/Luis-Negretti-e1658244385577-300x300.jpg 300w, https:\/\/www.cidiep.org.ar\/wp-content\/uploads\/2022\/07\/Luis-Negretti-e1658244385577-150x150.jpg 150w, https:\/\/www.cidiep.org.ar\/wp-content\/uploads\/2022\/07\/Luis-Negretti-e1658244385577.jpg 499w\" sizes=\"(max-width: 300px) 100vw, 300px\" \/>\t\t\t\t\t\t\t\t\t\t\t\t\t\t\t<\/div>\n\t\t\t\t<\/div>\n\t\t\t\t<div class=\"elementor-element elementor-element-53fe077 elementor-widget elementor-widget-heading\" data-id=\"53fe077\" data-element_type=\"widget\" data-e-type=\"widget\" data-widget_type=\"heading.default\">\n\t\t\t\t<div class=\"elementor-widget-container\">\n\t\t\t\t\t<h4 class=\"elementor-heading-title elementor-size-default\">LUIS NEGRETTI<\/h4>\t\t\t\t<\/div>\n\t\t\t\t<\/div>\n\t\t\t\t<div class=\"elementor-element elementor-element-8f7d1d1 elementor-widget elementor-widget-heading\" data-id=\"8f7d1d1\" data-element_type=\"widget\" data-e-type=\"widget\" data-widget_type=\"heading.default\">\n\t\t\t\t<div class=\"elementor-widget-container\">\n\t\t\t\t\t<h6 class=\"elementor-heading-title elementor-size-default\">Director Acad\u00e9mico Del cIDIEP<\/h6>\t\t\t\t<\/div>\n\t\t\t\t<\/div>\n\t\t\t\t<div class=\"elementor-element elementor-element-7ac3954 elementor-widget elementor-widget-text-editor\" data-id=\"7ac3954\" data-element_type=\"widget\" data-e-type=\"widget\" data-widget_type=\"text-editor.default\">\n\t\t\t\t<div class=\"elementor-widget-container\">\n\t\t\t\t\t\t\t\t\t<p><i><span style=\"font-weight: 400;\">El Dr. Luis Negretti ha desarrollado una extensa trayectoria en el \u00e1mbito de la educaci\u00f3n human\u00edstica, particularmente en el \u00e1mbito universitario. Fue docente de Derecho Constitucional, y Decano de Humanidades de la Universidad Nacional de Villa Mar\u00eda. A partir del a\u00f1o 2015, asumi\u00f3 el cargo de Rector de dicha casa de estudios. El pasado mayo de 2018 asumi\u00f3 como Director Acad\u00e9mico del Centro Internacional Daisaku Ikeda de Estudios para la Paz.<\/span><\/i><\/p><p><i><span style=\"font-weight: 400;\">\u00a0<\/span><\/i><\/p>\t\t\t\t\t\t\t\t<\/div>\n\t\t\t\t<\/div>\n\t\t\t\t\t<\/div>\n\t\t<\/div>\n\t\t\t\t\t<\/div>\n\t\t<\/section>\n\t\t\t\t\t<\/div>\n\t\t<\/div>\n\t\t\t\t\t<\/div>\n\t\t<\/section>\n\t\t\t\t<\/div>\n\t\t","protected":false},"excerpt":{"rendered":"<p>Autoridades FRANCISCO DELICH (1937-2016) Fundador y Director del CIDIEP El Dr. Francisco Delich (nacido en 1937 en C\u00f3rdoba, Argentina), se destac\u00f3 como economista y soci\u00f3logo egresado de la Universidad de Par\u00eds, Sorbonne. Se desempe\u00f1\u00f3 como Secretario Ejecutivo del Consejo Latinoamericano de Ciencias Sociales (CLACSO), fue rector de las universidades nacionales de Buenos Aires y C\u00f3rdoba&hellip;&nbsp;<a href=\"https:\/\/www.cidiep.org.ar\/?page_id=761\" rel=\"bookmark\">Leer m\u00e1s &raquo;<span class=\"screen-reader-text\">Autoridades<\/span><\/a><\/p>\n","protected":false},"author":1,"featured_media":380,"parent":0,"menu_order":0,"comment_status":"closed","ping_status":"closed","template":"page-templates\/template-pagebuilder-full-width.php","meta":{"neve_meta_sidebar":"","neve_meta_container":"","neve_meta_enable_content_width":"","neve_meta_content_width":0,"neve_meta_title_alignment":"","neve_meta_author_avatar":"","neve_post_elements_order":"","neve_meta_disable_header":"off","neve_meta_disable_footer":"","neve_meta_disable_title":"on","footnotes":""},"class_list":["post-761","page","type-page","status-publish","has-post-thumbnail","hentry"],"_links":{"self":[{"href":"https:\/\/www.cidiep.org.ar\/index.php?rest_route=\/wp\/v2\/pages\/761","targetHints":{"allow":["GET"]}}],"collection":[{"href":"https:\/\/www.cidiep.org.ar\/index.php?rest_route=\/wp\/v2\/pages"}],"about":[{"href":"https:\/\/www.cidiep.org.ar\/index.php?rest_route=\/wp\/v2\/types\/page"}],"author":[{"embeddable":true,"href":"https:\/\/www.cidiep.org.ar\/index.php?rest_route=\/wp\/v2\/users\/1"}],"replies":[{"embeddable":true,"href":"https:\/\/www.cidiep.org.ar\/index.php?rest_route=%2Fwp%2Fv2%2Fcomments&post=761"}],"version-history":[{"count":44,"href":"https:\/\/www.cidiep.org.ar\/index.php?rest_route=\/wp\/v2\/pages\/761\/revisions"}],"predecessor-version":[{"id":2906,"href":"https:\/\/www.cidiep.org.ar\/index.php?rest_route=\/wp\/v2\/pages\/761\/revisions\/2906"}],"wp:featuredmedia":[{"embeddable":true,"href":"https:\/\/www.cidiep.org.ar\/index.php?rest_route=\/wp\/v2\/media\/380"}],"wp:attachment":[{"href":"https:\/\/www.cidiep.org.ar\/index.php?rest_route=%2Fwp%2Fv2%2Fmedia&parent=761"}],"curies":[{"name":"wp","href":"https:\/\/api.w.org\/{rel}","templated":true}]}}