{"id":765,"date":"2022-07-18T18:40:58","date_gmt":"2022-07-18T18:40:58","guid":{"rendered":"https:\/\/cidiep.org.ar\/wp\/?page_id=765"},"modified":"2025-01-07T16:42:10","modified_gmt":"2025-01-07T16:42:10","slug":"daisaku-ikeda","status":"publish","type":"page","link":"https:\/\/www.cidiep.org.ar\/?page_id=765","title":{"rendered":"Daisaku Ikeda"},"content":{"rendered":"\t\t<div data-elementor-type=\"wp-page\" data-elementor-id=\"765\" class=\"elementor elementor-765\">\n\t\t\t\t\t\t<section class=\"elementor-section elementor-top-section elementor-element elementor-element-b4d2d75 elementor-section-height-min-height elementor-section-boxed elementor-section-height-default elementor-section-items-middle\" data-id=\"b4d2d75\" data-element_type=\"section\" data-e-type=\"section\" data-settings=\"{&quot;background_background&quot;:&quot;gradient&quot;,&quot;background_motion_fx_motion_fx_mouse&quot;:&quot;yes&quot;,&quot;background_motion_fx_mouseTrack_effect&quot;:&quot;yes&quot;,&quot;background_motion_fx_mouseTrack_speed&quot;:{&quot;unit&quot;:&quot;px&quot;,&quot;size&quot;:2.4,&quot;sizes&quot;:[]}}\">\n\t\t\t\t\t\t\t<div class=\"elementor-background-overlay\"><\/div>\n\t\t\t\t\t\t\t<div class=\"elementor-container elementor-column-gap-default\">\n\t\t\t\t\t<div class=\"elementor-column elementor-col-100 elementor-top-column elementor-element elementor-element-5a97d0f\" data-id=\"5a97d0f\" data-element_type=\"column\" data-e-type=\"column\">\n\t\t\t<div class=\"elementor-widget-wrap elementor-element-populated\">\n\t\t\t\t\t\t<div class=\"elementor-element elementor-element-7ffd1f2 elementor-widget elementor-widget-heading\" data-id=\"7ffd1f2\" data-element_type=\"widget\" data-e-type=\"widget\" data-widget_type=\"heading.default\">\n\t\t\t\t<div class=\"elementor-widget-container\">\n\t\t\t\t\t<h2 class=\"elementor-heading-title elementor-size-default\">Daisaku Ikeda<\/h2>\t\t\t\t<\/div>\n\t\t\t\t<\/div>\n\t\t\t\t\t<\/div>\n\t\t<\/div>\n\t\t\t\t\t<\/div>\n\t\t<\/section>\n\t\t\t\t<section class=\"elementor-section elementor-top-section elementor-element elementor-element-47cd4af elementor-section-boxed elementor-section-height-default elementor-section-height-default\" data-id=\"47cd4af\" data-element_type=\"section\" data-e-type=\"section\" data-settings=\"{&quot;background_background&quot;:&quot;gradient&quot;}\">\n\t\t\t\t\t\t<div class=\"elementor-container elementor-column-gap-default\">\n\t\t\t\t\t<div class=\"elementor-column elementor-col-50 elementor-top-column elementor-element elementor-element-e896ef6\" data-id=\"e896ef6\" data-element_type=\"column\" data-e-type=\"column\">\n\t\t\t<div class=\"elementor-widget-wrap elementor-element-populated\">\n\t\t\t\t\t\t<div class=\"elementor-element elementor-element-f915a3b elementor-widget elementor-widget-image\" data-id=\"f915a3b\" data-element_type=\"widget\" data-e-type=\"widget\" data-widget_type=\"image.default\">\n\t\t\t\t<div class=\"elementor-widget-container\">\n\t\t\t\t\t\t\t\t\t\t\t\t\t\t\t<img fetchpriority=\"high\" decoding=\"async\" width=\"497\" height=\"670\" src=\"https:\/\/www.cidiep.org.ar\/wp-content\/uploads\/2022\/07\/foto-Sensei.jpg\" class=\"attachment-large size-large wp-image-1174\" alt=\"\" srcset=\"https:\/\/www.cidiep.org.ar\/wp-content\/uploads\/2022\/07\/foto-Sensei.jpg 497w, https:\/\/www.cidiep.org.ar\/wp-content\/uploads\/2022\/07\/foto-Sensei-223x300.jpg 223w\" sizes=\"(max-width: 497px) 100vw, 497px\" \/>\t\t\t\t\t\t\t\t\t\t\t\t\t\t\t<\/div>\n\t\t\t\t<\/div>\n\t\t\t\t\t<\/div>\n\t\t<\/div>\n\t\t\t\t<div class=\"elementor-column elementor-col-50 elementor-top-column elementor-element elementor-element-42155d6\" data-id=\"42155d6\" data-element_type=\"column\" data-e-type=\"column\">\n\t\t\t<div class=\"elementor-widget-wrap elementor-element-populated\">\n\t\t\t\t\t\t<div class=\"elementor-element elementor-element-0eb0361 elementor-widget elementor-widget-heading\" data-id=\"0eb0361\" data-element_type=\"widget\" data-e-type=\"widget\" data-widget_type=\"heading.default\">\n\t\t\t\t<div class=\"elementor-widget-container\">\n\t\t\t\t\t<h3 class=\"elementor-heading-title elementor-size-default\">Daisaku Ikeda<\/h3>\t\t\t\t<\/div>\n\t\t\t\t<\/div>\n\t\t\t\t<div class=\"elementor-element elementor-element-362c56f elementor-widget-divider--view-line elementor-widget elementor-widget-divider\" data-id=\"362c56f\" data-element_type=\"widget\" data-e-type=\"widget\" data-widget_type=\"divider.default\">\n\t\t\t\t<div class=\"elementor-widget-container\">\n\t\t\t\t\t\t\t<div class=\"elementor-divider\">\n\t\t\t<span class=\"elementor-divider-separator\">\n\t\t\t\t\t\t<\/span>\n\t\t<\/div>\n\t\t\t\t\t\t<\/div>\n\t\t\t\t<\/div>\n\t\t\t\t<div class=\"elementor-element elementor-element-5970e6c elementor-widget elementor-widget-text-editor\" data-id=\"5970e6c\" data-element_type=\"widget\" data-e-type=\"widget\" data-widget_type=\"text-editor.default\">\n\t\t\t\t<div class=\"elementor-widget-container\">\n\t\t\t\t\t\t\t\t\t<p><span style=\"font-weight: 400;\">Daisaku Ikeda (1928-2023), naci\u00f3 el 2 de enero de 1928 en Tokio, fue un educador, fil\u00f3sofo, autor prol\u00edfico y constructor de paz cuyos esfuerzos para la promoci\u00f3n de la educaci\u00f3n human\u00edstica, el di\u00e1logo e intercambio intercultural y la paz han sido ampliamente reconocidos en todo el mundo. Fue el presidente y fundador de la asociaci\u00f3n budista laica Soka Gakkai International (SGI).<\/span><\/p>\t\t\t\t\t\t\t\t<\/div>\n\t\t\t\t<\/div>\n\t\t\t\t<div class=\"elementor-element elementor-element-c54a795 elementor-widget elementor-widget-text-editor\" data-id=\"c54a795\" data-element_type=\"widget\" data-e-type=\"widget\" data-widget_type=\"text-editor.default\">\n\t\t\t\t<div class=\"elementor-widget-container\">\n\t\t\t\t\t\t\t\t\t<p><span style=\"font-weight: 400;\">Ikeda fund\u00f3 el sistema escolar Soka con la convicci\u00f3n de que la educaci\u00f3n humanista y centrada en el estudiante es la base para el desarrollo de una sociedad pac\u00edfica y que afirma la vida. El sistema escolar abarca desde el jard\u00edn de infantes hasta los estudios de posgrado en diferentes pa\u00edses, incluyendo jardines de infancia en Jap\u00f3n, Malasia, Singapur, Hong Kong y Corea, un jard\u00edn de infancia, una escuela primaria y una escuela secundaria en Brasil, dos escuelas primarias y secundarias mixtas en Jap\u00f3n (Tokio y Osaka), la Universidad Soka (Jap\u00f3n), Soka Women&#8217;s College y la Universidad Soka de Am\u00e9rica (EEUU).\u00a0<\/span><\/p>\t\t\t\t\t\t\t\t<\/div>\n\t\t\t\t<\/div>\n\t\t\t\t<div class=\"elementor-element elementor-element-f510ebd elementor-widget elementor-widget-text-editor\" data-id=\"f510ebd\" data-element_type=\"widget\" data-e-type=\"widget\" data-widget_type=\"text-editor.default\">\n\t\t\t\t<div class=\"elementor-widget-container\">\n\t\t\t\t\t\t\t\t\t<p><span style=\"font-weight: 400;\">Ikeda tambi\u00e9n fue el fundador de diversas instituciones internacionales de paz y cultura sin fines de lucro: el Instituto de Filosof\u00eda Oriental, el Instituto Toda para la Paz Global y la Investigaci\u00f3n de Pol\u00edticas, el Museo de Arte Fuji de Tokio y la Asociaci\u00f3n de Conciertos Min-On (que promueve el intercambio intercultural a trav\u00e9s de las artes esc\u00e9nicas), entidad que desde hace m\u00e1s de 50 a\u00f1os viene promoviendo un puente de amistad entre el Jap\u00f3n y la Argentina, a trav\u00e9s de las presentaciones de los m\u00e1s prodigiosos artistas entre quienes se han contado los maestros Mariano Mores y Osvaldo Pugliese, junto tambi\u00e9n a mentores de nuestro folclore como Atahualpa yupanqui, Jaime Torres, entre otros.<\/span><\/p>\t\t\t\t\t\t\t\t<\/div>\n\t\t\t\t<\/div>\n\t\t\t\t<div class=\"elementor-element elementor-element-6bad0d8 elementor-widget elementor-widget-text-editor\" data-id=\"6bad0d8\" data-element_type=\"widget\" data-e-type=\"widget\" data-widget_type=\"text-editor.default\">\n\t\t\t\t<div class=\"elementor-widget-container\">\n\t\t\t\t\t\t\t\t\t<p><span style=\"font-weight: 400;\">En reconocimiento por sus contribuciones a la educaci\u00f3n, la cultura y la paz, Ikeda ha sido galardonado con c\u00e1tedras de institutos de educaci\u00f3n superior en m\u00e1s de 40 pa\u00edses, incluida la Universidad Estatal de Mosc\u00fa, la Universidad de Bolonia, la Universidad de Pek\u00edn, la Universidad de Glasgow, la Universidad de Nairobi, City University of New York, Delhi University, University of Jordan, Panama University y University of Sydney. En Argentina, ha sido sido distinguido por muchas de las m\u00e1s importantes casas de altos estudios, como la Universidad de Buenos Aires y la Universidad Nacional de C\u00f3rdoba en 1990, la Universidad de Palermo en 1991, la Universidad Nacional de Lomas de Zamora en 1993, la Universidad Nacional de Tucum\u00e1n en 2016, y m\u00e1s recientemente en junio del 2023 ha sido destacado con el t\u00edtulo de Honoris Causa de la Universidad Nacional de Misiones y del a Universidad Nacional de Salta, en junio del 2023.<\/span><span style=\"font-weight: 400;\"> Tambi\u00e9n ha recibido los honores nacionales de unos 20 pa\u00edses, la Medalla de la Paz de las Naciones Unidas, el Premio Internacional a la Tolerancia del Centro Simon Wiesenthal y el Premio Humanitario Rosa Parks, entre otros.<\/span><\/p>\t\t\t\t\t\t\t\t<\/div>\n\t\t\t\t<\/div>\n\t\t\t\t<div class=\"elementor-element elementor-element-b19a2ea elementor-widget elementor-widget-text-editor\" data-id=\"b19a2ea\" data-element_type=\"widget\" data-e-type=\"widget\" data-widget_type=\"text-editor.default\">\n\t\t\t\t<div class=\"elementor-widget-container\">\n\t\t\t\t\t\t\t\t\t<p><span style=\"font-weight: 400;\">Como fruto de su contribuci\u00f3n a la educaci\u00f3n en Argentina, en la Provincia de Corrientes, desde el 2006, la Escuela Secundaria de Santa Luc\u00eda lleva el nombre de \u201cMaestro Daisaku Ikeda\u201d (CSMDI). Actualmente, el Colegio Secundario \u201cMaestro Daisaku Ikeda\u201d desarrolla una importante labor formativa y social en la comunidad de Santa Luc\u00eda. <\/span><\/p>\t\t\t\t\t\t\t\t<\/div>\n\t\t\t\t<\/div>\n\t\t\t\t<div class=\"elementor-element elementor-element-793560d elementor-widget elementor-widget-text-editor\" data-id=\"793560d\" data-element_type=\"widget\" data-e-type=\"widget\" data-widget_type=\"text-editor.default\">\n\t\t\t\t<div class=\"elementor-widget-container\">\n\t\t\t\t\t\t\t\t\t<p><span style=\"font-weight: 400;\">Daisaku Ikeda creci\u00f3 como el quinto hijo de una familia que se ganaba la vida cosechando algas comestibles. Estaba en su adolescencia cuando Jap\u00f3n entr\u00f3 en la Segunda Guerra Mundial en la d\u00e9cada de 1940. Su experiencia directa del militarismo japon\u00e9s y el horror y el sufrimiento innecesario de la guerra le dejaron una profunda huella, convirti\u00e9ndose en el principal factor motivador de su posterior activismo por la paz. Al mismo tiempo, su experiencia de la influencia del militarismo y el ultranacionalismo en la educaci\u00f3n durante este tiempo molde\u00f3 poderosamente su perspectiva sobre el valor de la educaci\u00f3n humanista. Para el gobierno militarista de Jap\u00f3n, la educaci\u00f3n se convirti\u00f3 en el medio para convertir a los ni\u00f1os en servidores obedientes del estado y sus objetivos de guerra. Ikeda experiment\u00f3 de primera mano el poder de la educaci\u00f3n para moldear profundamente, ya sea negativa o positivamente, las perspectivas y expectativas de los j\u00f3venes.<\/span><\/p>\t\t\t\t\t\t\t\t<\/div>\n\t\t\t\t<\/div>\n\t\t\t\t<div class=\"elementor-element elementor-element-db38a04 elementor-widget elementor-widget-text-editor\" data-id=\"db38a04\" data-element_type=\"widget\" data-e-type=\"widget\" data-widget_type=\"text-editor.default\">\n\t\t\t\t<div class=\"elementor-widget-container\">\n\t\t\t\t\t\t\t\t\t<p><span style=\"font-weight: 400;\">El fin de la guerra trajo un cambio dr\u00e1stico en la sociedad japonesa y sus valores. Como escribi\u00f3 Ikeda: \u201cEl extra\u00f1o sistema de valores que nos inculcaron en los a\u00f1os de la guerra hab\u00eda sido denunciado como fraudulento y arrasado\u201d.<\/span><\/p>\t\t\t\t\t\t\t\t<\/div>\n\t\t\t\t<\/div>\n\t\t\t\t<div class=\"elementor-element elementor-element-abd55c6 elementor-widget elementor-widget-text-editor\" data-id=\"abd55c6\" data-element_type=\"widget\" data-e-type=\"widget\" data-widget_type=\"text-editor.default\">\n\t\t\t\t<div class=\"elementor-widget-container\">\n\t\t\t\t\t\t\t\t\t<p><span style=\"font-weight: 400;\">Fue en ese momento, a la edad de 19 a\u00f1os, cuando Ikeda conoci\u00f3 a Josei Toda (1900-1958), quien se convirti\u00f3 en su mentor de por vida. Toda fue un educador y fil\u00f3sofo budista que hab\u00eda sido encarcelado durante la guerra por su oposici\u00f3n a las pol\u00edticas del gobierno militarista. Inspirado por el car\u00e1cter humano y compasivo de Toda, su extraordinaria visi\u00f3n de la naturaleza humana y los fen\u00f3menos sociales y su profunda determinaci\u00f3n de lograr una transformaci\u00f3n positiva de la sociedad, Ikeda se dedic\u00f3 a llevar adelante los ideales y la visi\u00f3n de su mentor.<\/span><\/p>\t\t\t\t\t\t\t\t<\/div>\n\t\t\t\t<\/div>\n\t\t\t\t<div class=\"elementor-element elementor-element-ced35f5 elementor-widget elementor-widget-text-editor\" data-id=\"ced35f5\" data-element_type=\"widget\" data-e-type=\"widget\" data-widget_type=\"text-editor.default\">\n\t\t\t\t<div class=\"elementor-widget-container\">\n\t\t\t\t\t\t\t\t\t<p><span style=\"font-weight: 400;\">Lector \u00e1vido y apasionado por el aprendizaje, Ikeda se matricul\u00f3 en una escuela nocturna mientras trabajaba a tiempo completo en una empresa dirigida por Toda. Cuando el negocio de Toda fracas\u00f3 en medio del estancamiento de la econom\u00eda de la posguerra, la mayor\u00eda de sus empleados abandonaron la empresa. Ikeda, sin embargo, se mantuvo y se dedic\u00f3 a apoyar a Toda y evitar que se arruinara econ\u00f3micamente. Para hacer esto, tuvo que dejar de asistir a la escuela nocturna. A cambio, Toda, que hab\u00eda sido un consumado educador en la \u00e9poca anterior a la guerra, se ofreci\u00f3 a darle clases particulares en una variedad de materias que ser\u00edan el equivalente a una educaci\u00f3n de nivel universitario. Estas lecciones en lo que Ikeda luego llam\u00f3 \u201cUniversidad Toda\u201c continuaron durante diez a\u00f1os hasta el fallecimiento de Toda. Toda le dio a Ikeda una educaci\u00f3n completa y amplia tanto en humanidades como en ciencias naturales, incluidas econom\u00eda, historia, geograf\u00eda, matem\u00e1ticas, f\u00edsica, qu\u00edmica y astronom\u00eda. \u201cEl noventa y ocho por ciento de lo que soy hoy, lo aprend\u00ed de mi mentor\u201d, comenta Ikeda. M\u00e1s tarde, Ikeda se gradu\u00f3 en Fuji Junior College (actual Universidad Fuji de Tokio).<\/span><\/p>\t\t\t\t\t\t\t\t<\/div>\n\t\t\t\t<\/div>\n\t\t\t\t<div class=\"elementor-element elementor-element-ea99772 elementor-widget elementor-widget-text-editor\" data-id=\"ea99772\" data-element_type=\"widget\" data-e-type=\"widget\" data-widget_type=\"text-editor.default\">\n\t\t\t\t<div class=\"elementor-widget-container\">\n\t\t\t\t\t\t\t\t\t<p><span style=\"font-weight: 400;\">Toda falleci\u00f3 en 1958. Despu\u00e9s de \u00e9l, Ikeda emprendi\u00f3 una amplia gama de actividades a escala mundial para la promoci\u00f3n de la educaci\u00f3n, la paz y la felicidad humana. Un enfoque clave ha sido la promoci\u00f3n del di\u00e1logo. Ikeda se ha involucrado en di\u00e1logos amplios con un espectro diverso de personas de todo el mundo en un esfuerzo por construir puentes de entendimiento mutuo sobre las divisiones de ideolog\u00eda, nacionalidad, religi\u00f3n, etc. y buscar soluciones viables a problemas globales. Su diplomacia ciudadana durante la d\u00e9cada de 1970 ayud\u00f3 a sentar las bases para la normalizaci\u00f3n de las relaciones chino-japonesas y tambi\u00e9n contribuy\u00f3 a aliviar las tensiones pol\u00edticas entre China y la Uni\u00f3n Sovi\u00e9tica.<\/span><\/p>\t\t\t\t\t\t\t\t<\/div>\n\t\t\t\t<\/div>\n\t\t\t\t<div class=\"elementor-element elementor-element-bdf46d7 elementor-widget elementor-widget-text-editor\" data-id=\"bdf46d7\" data-element_type=\"widget\" data-e-type=\"widget\" data-widget_type=\"text-editor.default\">\n\t\t\t\t<div class=\"elementor-widget-container\">\n\t\t\t\t\t\t\t\t\t<p><span style=\"font-weight: 400;\">Durante las \u00faltimas cinco d\u00e9cadas, Ikeda ha entablado di\u00e1logos con unas 1.600 figuras destacadas en los campos de la pol\u00edtica, la educaci\u00f3n, la academia, la ciencia, el activismo por la paz, los negocios y las artes. M\u00e1s de 50 de estos di\u00e1logos se han publicado en forma de libro. Los ejemplos incluyen sus di\u00e1logos publicados con el historiador brit\u00e1nico Arnold J. Toynbee, el ex presidente sovi\u00e9tico Mikhail Gorbachov, el gigante literario chino Jin Yong, el \u00abpadre de los estudios sobre la paz\u00bb Johan Galtung de Noruega, la futurista y economista estadounidense Hazel Henderson y el Premio Nobel de la Paz Linus Pauling y Joseph Rotblat, cient\u00edficos galardonados y activistas por la paz, y la tambi\u00e9n Nobel pacifista Betty Wiliams.\u00a0 Entre esos encuentros, ha publicado un di\u00e1logo titulado \u201cLa fuerza de la esperanza\u201d con el Nobel argentino Adolfo P\u00e9rez Esquivel, con quien comparti\u00f3 un profundo lazo de amistad desde hace varios a\u00f1os.<\/span><\/p>\t\t\t\t\t\t\t\t<\/div>\n\t\t\t\t<\/div>\n\t\t\t\t<div class=\"elementor-element elementor-element-2334428 elementor-widget elementor-widget-text-editor\" data-id=\"2334428\" data-element_type=\"widget\" data-e-type=\"widget\" data-widget_type=\"text-editor.default\">\n\t\t\t\t<div class=\"elementor-widget-container\">\n\t\t\t\t\t\t\t\t\t<p><span style=\"font-weight: 400;\">Incluyendo estos di\u00e1logos, Ikeda ha publicado m\u00e1s de 100 obras, que van desde la filosof\u00eda hasta los ensayos biogr\u00e1ficos y la literatura infantil. Ha sido nombrado poeta laureado por la Academia Mundial de las Artes y la Cultura (1981) y Poeta de los Pueblos del Mundo por la Sociedad Mundial de Poes\u00eda Intercontinental (2007), que en 1995 otorg\u00f3 a Ikeda su Premio Mundial de Poeta Laureado.<\/span><\/p>\t\t\t\t\t\t\t\t<\/div>\n\t\t\t\t<\/div>\n\t\t\t\t<div class=\"elementor-element elementor-element-9b4907b elementor-widget elementor-widget-text-editor\" data-id=\"9b4907b\" data-element_type=\"widget\" data-e-type=\"widget\" data-widget_type=\"text-editor.default\">\n\t\t\t\t<div class=\"elementor-widget-container\">\n\t\t\t\t\t\t\t\t\t<p><span style=\"font-weight: 400;\">Desde 1983 hasta 2022, Ikeda ha publicando anualmente Propuestas de Paz ante la Organizaci\u00f3n de las Naciones Unidas (ONU), en las que expuso sobre diversos temas que enfrenta la sociedad global, desde la perspectiva de los principios b\u00e1sicos del budismo, con el objetivo de coadyuvar a la consolidaci\u00f3n de la paz y la seguridad humana. Asimismo, impuls\u00f3 hasta el d\u00eda de hoy la abolici\u00f3n de las armas nucleares, promoviendo actividades en torno a los j\u00f3venes y, en los \u00faltimos a\u00f1os, en sus propuestas se destacan especialmente sus iniciativas para implementar los Objetivos de Desarrollo Sostenible (ODS) con miras a contribuir a la resoluci\u00f3n de los diversos desaf\u00edos que enfrenta la humanidad hacia el 2030.\u00a0\u00a0<\/span><\/p>\t\t\t\t\t\t\t\t<\/div>\n\t\t\t\t<\/div>\n\t\t\t\t<div class=\"elementor-element elementor-element-6a10112 elementor-widget elementor-widget-text-editor\" data-id=\"6a10112\" data-element_type=\"widget\" data-e-type=\"widget\" data-widget_type=\"text-editor.default\">\n\t\t\t\t<div class=\"elementor-widget-container\">\n\t\t\t\t\t\t\t\t\t<p><span style=\"font-weight: 400;\">Tambi\u00e9n ha pronunciado discursos en 28 universidades e instituciones acad\u00e9micas en el extranjero, incluidas la Universidad Estatal de Mosc\u00fa, la Universidad de Pek\u00edn y la Universidad de Harvard.<\/span><\/p>\t\t\t\t\t\t\t\t<\/div>\n\t\t\t\t<\/div>\n\t\t\t\t<div class=\"elementor-element elementor-element-1375447 elementor-widget elementor-widget-text-editor\" data-id=\"1375447\" data-element_type=\"widget\" data-e-type=\"widget\" data-widget_type=\"text-editor.default\">\n\t\t\t\t<div class=\"elementor-widget-container\">\n\t\t\t\t\t\t\t\t\t<p><span style=\"background-color: transparent; font-family: var(--bodyfontfamily),var(--nv-fallback-ff); font-size: var(--bodyfontsize); letter-spacing: var(--bodyletterspacing); text-transform: var(--bodytexttransform);\">Luego de haber consagrado su vida a promover el di\u00e1logo, la amistad y la paz en todo el mundo,\u00a0<\/span><span style=\"background-color: transparent; font-family: var(--bodyfontfamily),var(--nv-fallback-ff); font-size: var(--bodyfontsize); font-weight: var(--bodyfontweight); letter-spacing: var(--bodyletterspacing); text-transform: var(--bodytexttransform);\">el maestro Daisaku Ikeda falleci\u00f3 serenamente\u00a0<\/span><span style=\"background-color: transparent; font-family: var(--bodyfontfamily),var(--nv-fallback-ff); font-size: var(--bodyfontsize); font-weight: var(--bodyfontweight); letter-spacing: var(--bodyletterspacing); text-transform: var(--bodytexttransform);\">el 15 de noviembre del 2023, dejando un legado eterno a trav\u00e9s de su ejemplo en el compromiso de hacer realidad la construcci\u00f3n una cultura de paz.\u00a0<\/span><\/p>\t\t\t\t\t\t\t\t<\/div>\n\t\t\t\t<\/div>\n\t\t\t\t<div class=\"elementor-element elementor-element-905bb51 elementor-widget elementor-widget-text-editor\" data-id=\"905bb51\" data-element_type=\"widget\" data-e-type=\"widget\" data-widget_type=\"text-editor.default\">\n\t\t\t\t<div class=\"elementor-widget-container\">\n\t\t\t\t\t\t\t\t\t<p><span style=\"color: rgb(244, 224, 224);\">Entre sus muchos esfuerzos, Ikeda ha descrito la promoci\u00f3n de la educaci\u00f3n human\u00edstica como la empresa culminante de su vida.&nbsp;<\/span><span style=\"font-weight: 400;\"><br><\/span><\/p>\n<p><span style=\"font-weight: 400;\">Expres\u00f3: \u201cLa educaci\u00f3n es un privilegio singularmente humano. Es la fuente inspiradora que nos permite ejercer nuestra condici\u00f3n humana en el verdadero sentido de la palabra; gracias a la educaci\u00f3n el ser humano puede asumir una misi\u00f3n constructiva en la vida, con compostura y confianza en s\u00ed mismo\u00bb.<\/span><\/p>\t\t\t\t\t\t\t\t<\/div>\n\t\t\t\t<\/div>\n\t\t\t\t<div class=\"elementor-element elementor-element-dcd5f95 elementor-widget elementor-widget-heading\" data-id=\"dcd5f95\" data-element_type=\"widget\" data-e-type=\"widget\" data-settings=\"{&quot;motion_fx_motion_fx_scrolling&quot;:&quot;yes&quot;,&quot;motion_fx_devices&quot;:[&quot;desktop&quot;,&quot;tablet&quot;,&quot;mobile&quot;]}\" data-widget_type=\"heading.default\">\n\t\t\t\t<div class=\"elementor-widget-container\">\n\t\t\t\t\t<h2 class=\"elementor-heading-title elementor-size-default\"><a href=\"https:\/\/www.cidiep.org.ar\/propuestas-de-paz\/\">PROPUESTAS DE PAZ<\/a><\/h2>\t\t\t\t<\/div>\n\t\t\t\t<\/div>\n\t\t\t\t<div class=\"elementor-element elementor-element-a99e78c elementor-align-center elementor-widget elementor-widget-button\" data-id=\"a99e78c\" data-element_type=\"widget\" data-e-type=\"widget\" data-widget_type=\"button.default\">\n\t\t\t\t<div class=\"elementor-widget-container\">\n\t\t\t\t\t\t\t\t\t<div class=\"elementor-button-wrapper\">\n\t\t\t\t\t<a class=\"elementor-button elementor-button-link elementor-size-sm\" href=\"https:\/\/www.cidiep.org.ar\/propuestas-de-paz\/\">\n\t\t\t\t\t\t<span class=\"elementor-button-content-wrapper\">\n\t\t\t\t\t\t<span class=\"elementor-button-icon\">\n\t\t\t\t<i aria-hidden=\"true\" class=\"far fa-check-circle\"><\/i>\t\t\t<\/span>\n\t\t\t\t\t\t\t\t\t<span class=\"elementor-button-text\">VER PROPUESTAS<\/span>\n\t\t\t\t\t<\/span>\n\t\t\t\t\t<\/a>\n\t\t\t\t<\/div>\n\t\t\t\t\t\t\t\t<\/div>\n\t\t\t\t<\/div>\n\t\t\t\t\t<\/div>\n\t\t<\/div>\n\t\t\t\t\t<\/div>\n\t\t<\/section>\n\t\t\t\t<\/div>\n\t\t","protected":false},"excerpt":{"rendered":"<p>Daisaku Ikeda Daisaku Ikeda Daisaku Ikeda (1928-2023), naci\u00f3 el 2 de enero de 1928 en Tokio, fue un educador, fil\u00f3sofo, autor prol\u00edfico y constructor de paz cuyos esfuerzos para la promoci\u00f3n de la educaci\u00f3n human\u00edstica, el di\u00e1logo e intercambio intercultural y la paz han sido ampliamente reconocidos en todo el mundo. Fue el presidente y&hellip;&nbsp;<a href=\"https:\/\/www.cidiep.org.ar\/?page_id=765\" rel=\"bookmark\">Leer m\u00e1s &raquo;<span class=\"screen-reader-text\">Daisaku Ikeda<\/span><\/a><\/p>\n","protected":false},"author":1,"featured_media":380,"parent":0,"menu_order":0,"comment_status":"closed","ping_status":"closed","template":"page-templates\/template-pagebuilder-full-width.php","meta":{"neve_meta_sidebar":"","neve_meta_container":"","neve_meta_enable_content_width":"","neve_meta_content_width":0,"neve_meta_title_alignment":"","neve_meta_author_avatar":"","neve_post_elements_order":"","neve_meta_disable_header":"off","neve_meta_disable_footer":"","neve_meta_disable_title":"on","footnotes":""},"class_list":["post-765","page","type-page","status-publish","has-post-thumbnail","hentry"],"_links":{"self":[{"href":"https:\/\/www.cidiep.org.ar\/index.php?rest_route=\/wp\/v2\/pages\/765","targetHints":{"allow":["GET"]}}],"collection":[{"href":"https:\/\/www.cidiep.org.ar\/index.php?rest_route=\/wp\/v2\/pages"}],"about":[{"href":"https:\/\/www.cidiep.org.ar\/index.php?rest_route=\/wp\/v2\/types\/page"}],"author":[{"embeddable":true,"href":"https:\/\/www.cidiep.org.ar\/index.php?rest_route=\/wp\/v2\/users\/1"}],"replies":[{"embeddable":true,"href":"https:\/\/www.cidiep.org.ar\/index.php?rest_route=%2Fwp%2Fv2%2Fcomments&post=765"}],"version-history":[{"count":41,"href":"https:\/\/www.cidiep.org.ar\/index.php?rest_route=\/wp\/v2\/pages\/765\/revisions"}],"predecessor-version":[{"id":3222,"href":"https:\/\/www.cidiep.org.ar\/index.php?rest_route=\/wp\/v2\/pages\/765\/revisions\/3222"}],"wp:featuredmedia":[{"embeddable":true,"href":"https:\/\/www.cidiep.org.ar\/index.php?rest_route=\/wp\/v2\/media\/380"}],"wp:attachment":[{"href":"https:\/\/www.cidiep.org.ar\/index.php?rest_route=%2Fwp%2Fv2%2Fmedia&parent=765"}],"curies":[{"name":"wp","href":"https:\/\/api.w.org\/{rel}","templated":true}]}}