{"id":772,"date":"2022-07-18T18:47:14","date_gmt":"2022-07-18T18:47:14","guid":{"rendered":"https:\/\/cidiep.org.ar\/wp\/?page_id=772"},"modified":"2026-04-08T16:00:32","modified_gmt":"2026-04-08T19:00:32","slug":"centro-de-investigacion-y-desarrollo-para-la-paz","status":"publish","type":"page","link":"https:\/\/www.cidiep.org.ar\/?page_id=772","title":{"rendered":"Centro de Investigaci\u00f3n y Desarrollo para la Paz"},"content":{"rendered":"\t\t<div data-elementor-type=\"wp-page\" data-elementor-id=\"772\" class=\"elementor elementor-772\">\n\t\t\t\t\t\t<section class=\"elementor-section elementor-top-section elementor-element elementor-element-16eb955d elementor-section-boxed elementor-section-height-default elementor-section-height-default\" data-id=\"16eb955d\" data-element_type=\"section\" data-e-type=\"section\">\n\t\t\t\t\t\t<div class=\"elementor-container elementor-column-gap-default\">\n\t\t\t\t\t<div class=\"elementor-column elementor-col-100 elementor-top-column elementor-element elementor-element-686fc598\" data-id=\"686fc598\" data-element_type=\"column\" data-e-type=\"column\">\n\t\t\t<div class=\"elementor-widget-wrap elementor-element-populated\">\n\t\t\t\t\t\t<div class=\"elementor-element elementor-element-4ce9028 elementor-widget elementor-widget-text-editor\" data-id=\"4ce9028\" data-element_type=\"widget\" data-e-type=\"widget\" data-widget_type=\"text-editor.default\">\n\t\t\t\t<div class=\"elementor-widget-container\">\n\t\t\t\t\t\t\t\t\t<style>\/*! elementor - v3.6.7 - 03-07-2022 *\/<br \/>\n.elementor-heading-title{padding:0;margin:0;line-height:1}.elementor-widget-heading .elementor-heading-title[class*=elementor-size-]>a{color:inherit;font-size:inherit;line-height:inherit}.elementor-widget-heading .elementor-heading-title.elementor-size-small{font-size:15px}.elementor-widget-heading .elementor-heading-title.elementor-size-medium{font-size:19px}.elementor-widget-heading .elementor-heading-title.elementor-size-large{font-size:29px}.elementor-widget-heading .elementor-heading-title.elementor-size-xl{font-size:39px}.elementor-widget-heading .elementor-heading-title.elementor-size-xxl{font-size:59px}<\/style>\n<h2>Centro de Investigaci\u00f3n y Desarrollo para la Paz<\/h2>\nEl Centro de Investigaci\u00f3n y Desarrollo para la Paz tiene como prop\u00f3sito fundamental investigar las condiciones y los valores sociales que afirman la primac\u00eda de la Paz en todas las esferas del desarrollo humano. El mismo contribuir\u00e1 al establecimiento de la paz mundial a trav\u00e9s de la promoci\u00f3n de la cultura y la educaci\u00f3n human\u00edsticas. A su vez, participar en la elaboraci\u00f3n de proyectos, difusi\u00f3n y capacitaci\u00f3n en \u00e1reas de cultura, educaci\u00f3n, econom\u00eda, sociedad, medio ambiente y desarrollo sustentable y promover el intercambio con organismos e instituciones vinculadas a estas tem\u00e1ticas. Y tambi\u00e9n, desarrollar proyectos de investigaci\u00f3n, producci\u00f3n intelectual, publicaciones, ponencias, entre otros, estableciendo como punto de referencia los estudios por la Paz, tanto para Latinoam\u00e9rica, como para el mundo.\n\n<style>\/*! elementor - v3.6.7 - 03-07-2022 *\/<br \/>\n.elementor-widget-image{text-align:center}.elementor-widget-image a{display:inline-block}.elementor-widget-image a img[src$=\".svg\"]{width:48px}.elementor-widget-image img{vertical-align:middle;display:inline-block}<\/style>\n\n<a href=\"https:\/\/www.cidiep.org.ar\/propuesta-de-paz-2022-transformar-la-historia-humana-un-haz-de-luz-hacia-la-paz-y-la-dignidad\/\">\n<img fetchpriority=\"high\" decoding=\"async\" src=\"https:\/\/www.cidiep.org.ar\/wp-content\/uploads\/2023\/03\/14751-coronavirus-pautas-para-la-vuela-al-colegio-de-lo-1.jpg\" sizes=\"(max-width: 800px) 100vw, 800px\" srcset=\"https:\/\/www.cidiep.org.ar\/wp-content\/uploads\/2023\/03\/14751-coronavirus-pautas-para-la-vuela-al-colegio-de-lo-1.jpg 800w, https:\/\/www.cidiep.org.ar\/wp-content\/uploads\/2023\/03\/14751-coronavirus-pautas-para-la-vuela-al-colegio-de-lo-1-300x225.jpg 300w, https:\/\/www.cidiep.org.ar\/wp-content\/uploads\/2023\/03\/14751-coronavirus-pautas-para-la-vuela-al-colegio-de-lo-1-768x576.jpg 768w\" alt=\"\" width=\"800\" height=\"600\" \/> <\/a>\n<a role=\"button\" href=\"https:\/\/www.cidiep.org.ar\/propuesta-de-paz-2022-transformar-la-historia-humana-un-haz-de-luz-hacia-la-paz-y-la-dignidad\/\">\nLEER M\u00c1S\u00bb\n<\/a>\n<h2><a href=\"https:\/\/www.cidiep.org.ar\/propuesta-de-paz-2022-transformar-la-historia-humana-un-haz-de-luz-hacia-la-paz-y-la-dignidad\/\">Propuesta de Paz 2022: \u00abTransformar la historia humana: Un haz de luz hacia la paz y la dignidad\u00bb<\/a><\/h2>\nPropuesta de Paz enviada por el Dr. Daisaku Ikeda el 26 de Enero de 2022 a las Naciones Unidas en donde enfatiza la importancia del \u00abdesarme nuclear\u00bb, \u00abla educaci\u00f3n human\u00edstica\u00bb y el \u00abcuidado del ambiente\u00bb en esta \u00e9poca contempor\u00e1nea.\n\n<style>\/*! elementor - v3.6.7 - 03-07-2022 *\/<br \/>\n.e-container.e-container--row .elementor-spacer-inner{width:var(--spacer-size)}.e-container.e-container--column .elementor-spacer-inner,.elementor-column .elementor-spacer-inner{height:var(--spacer-size)}<\/style> <style>\/*! elementor - v3.6.7 - 03-07-2022 *\/<br \/>\n.elementor-widget-divider{--divider-border-style:none;--divider-border-width:1px;--divider-color:#2c2c2c;--divider-icon-size:20px;--divider-element-spacing:10px;--divider-pattern-height:24px;--divider-pattern-size:20px;--divider-pattern-url:none;--divider-pattern-repeat:repeat-x}.elementor-widget-divider .elementor-divider{display:-webkit-box;display:-ms-flexbox;display:flex}.elementor-widget-divider .elementor-divider__text{font-size:15px;line-height:1;max-width:95%}.elementor-widget-divider .elementor-divider__element{margin:0 var(--divider-element-spacing);-ms-flex-negative:0;flex-shrink:0}.elementor-widget-divider .elementor-icon{font-size:var(--divider-icon-size)}.elementor-widget-divider .elementor-divider-separator{display:-webkit-box;display:-ms-flexbox;display:flex;margin:0;direction:ltr}.elementor-widget-divider--view-line_icon .elementor-divider-separator,.elementor-widget-divider--view-line_text .elementor-divider-separator{-webkit-box-align:center;-ms-flex-align:center;align-items:center}.elementor-widget-divider--view-line_icon .elementor-divider-separator:after,.elementor-widget-divider--view-line_icon .elementor-divider-separator:before,.elementor-widget-divider--view-line_text .elementor-divider-separator:after,.elementor-widget-divider--view-line_text .elementor-divider-separator:before{display:block;content:\"\";border-bottom:0;-webkit-box-flex:1;-ms-flex-positive:1;flex-grow:1;border-top:var(--divider-border-width) var(--divider-border-style) var(--divider-color)}.elementor-widget-divider--element-align-left .elementor-divider .elementor-divider-separator>.elementor-divider__svg:first-of-type{-webkit-box-flex:0;-ms-flex-positive:0;flex-grow:0;-ms-flex-negative:100;flex-shrink:100}.elementor-widget-divider--element-align-left .elementor-divider-separator:before{content:none}.elementor-widget-divider--element-align-left .elementor-divider__element{margin-left:0}.elementor-widget-divider--element-align-right .elementor-divider .elementor-divider-separator>.elementor-divider__svg:last-of-type{-webkit-box-flex:0;-ms-flex-positive:0;flex-grow:0;-ms-flex-negative:100;flex-shrink:100}.elementor-widget-divider--element-align-right .elementor-divider-separator:after{content:none}.elementor-widget-divider--element-align-right .elementor-divider__element{margin-right:0}.elementor-widget-divider:not(.elementor-widget-divider--view-line_text):not(.elementor-widget-divider--view-line_icon) .elementor-divider-separator{border-top:var(--divider-border-width) var(--divider-border-style) var(--divider-color)}.elementor-widget-divider--separator-type-pattern{--divider-border-style:none}.elementor-widget-divider--separator-type-pattern.elementor-widget-divider--view-line .elementor-divider-separator,.elementor-widget-divider--separator-type-pattern:not(.elementor-widget-divider--view-line) .elementor-divider-separator:after,.elementor-widget-divider--separator-type-pattern:not(.elementor-widget-divider--view-line) .elementor-divider-separator:before,.elementor-widget-divider--separator-type-pattern:not([class*=elementor-widget-divider--view]) .elementor-divider-separator{width:100%;min-height:var(--divider-pattern-height);-webkit-mask-size:var(--divider-pattern-size) 100%;mask-size:var(--divider-pattern-size) 100%;-webkit-mask-repeat:var(--divider-pattern-repeat);mask-repeat:var(--divider-pattern-repeat);background-color:var(--divider-color);-webkit-mask-image:var(--divider-pattern-url);mask-image:var(--divider-pattern-url)}.elementor-widget-divider--no-spacing{--divider-pattern-size:auto}.elementor-widget-divider--bg-round{--divider-pattern-repeat:round}.rtl .elementor-widget-divider .elementor-divider__text{direction:rtl}<\/style>\n<h2><a href=\"https:\/\/www.cidiep.org.ar\/propuesta-urgente-sobre-la-crisis-de-ucrania-y-asuntos-nucleares-concentracion-de-la-creatividad-historica-para-la-restauracion-de-la-paz\/\">Propuesta Urgente sobre la Crisis de Ucrania y Asuntos Nucleares: \u00abConcentraci\u00f3n de la creatividad hist\u00f3rica para la restauraci\u00f3n de la paz\u00bb<\/a><\/h2>\n<a role=\"button\" href=\"https:\/\/www.cidiep.org.ar\/propuesta-urgente-sobre-la-crisis-de-ucrania-y-asuntos-nucleares-concentracion-de-la-creatividad-historica-para-la-restauracion-de-la-paz\/\">\nLEER M\u00c1S\u00bb\n<\/a>\n<h2><a href=\"https:\/\/www.cidiep.org.ar\/manifiesto-del-dr-daisaku-ikeda-y-adolfo-perez-esquivel\/\">Llamamiento del Dr. Daisaku Ikeda y Adolfo P\u00e9rez Esquivel<\/a><\/h2>\n<a role=\"button\" href=\"https:\/\/www.cidiep.org.ar\/manifiesto-del-dr-daisaku-ikeda-y-adolfo-perez-esquivel\/\">\nLEER M\u00c1S\u00bb\n<\/a>\n<h2><a href=\"https:\/\/www.cidiep.org.ar\/centro-internacional-daisaku-ikeda-de-estudios-para-la-paz-cidiep\/\">Exposici\u00f3n brindada por el Dr. Norberto Liwski el marco del 3\u00b0 Ciclo de Di\u00e1logos por la Paz: \u00abPerspectivas sobre los Derechos Humanos y la Diversidad Cultural\u00bb\u200b<\/a><\/h2>\n<a role=\"button\" href=\"https:\/\/www.cidiep.org.ar\/centro-internacional-daisaku-ikeda-de-estudios-para-la-paz-cidiep\/\" data-wplink-edit=\"true\">\nLEER M\u00c1S\u00bb\n<\/a>\n<h2><a href=\"https:\/\/www.cidiep.org.ar\/transcripcion-de-la-exposicion-brindada-por-margarita-schwizer-en-el-ciclo-de-dialogos-por-la-paz-del-8-de-septiembre-de-2021\/\">Transcripci\u00f3n de la exposici\u00f3n brindada por Margarita Schwizer en el Ciclo de Di\u00e1logos por la Paz del 8 de septiembre de 2021.\n<\/a><\/h2>\n<a role=\"button\" href=\"https:\/\/www.cidiep.org.ar\/transcripcion-de-la-exposicion-brindada-por-margarita-schwizer-en-el-ciclo-de-dialogos-por-la-paz-del-8-de-septiembre-de-2021\/\" data-wplink-edit=\"true\">\nLEER M\u00c1S\u00bb\n<\/a>\n<h2><a href=\"https:\/\/www.cidiep.org.ar\/perspectivas-sobre-el-sutra-del-loto\/\">Perspectivas sobre el Sutra del loto por Dra. Flavia Dezzutto<\/a><\/h2>\n<a role=\"button\" href=\"https:\/\/www.cidiep.org.ar\/perspectivas-sobre-el-sutra-del-loto\/\" data-wplink-edit=\"true\">\nLEER M\u00c1S\u00bb\n<\/a>\n<h2><a href=\"https:\/\/www.cidiep.org.ar\/sean-jovenes-que-iluminen-de-esperanza-a-toda-la-humanidad\/\">Discurso de aceptaci\u00f3n del t\u00edtulo de Doctor Honoris Causa de la Universidad del Este, conferido al presidente de la SGI, Daisaku Ikeda. <\/a><\/h2>\n<a role=\"button\" href=\"https:\/\/www.cidiep.org.ar\/sean-jovenes-que-iluminen-de-esperanza-a-toda-la-humanidad\/\">\nLEER M\u00c1S\u00bb\n<\/a>\t\t\t\t\t\t\t\t<\/div>\n\t\t\t\t<\/div>\n\t\t\t\t\t<\/div>\n\t\t<\/div>\n\t\t\t\t\t<\/div>\n\t\t<\/section>\n\t\t\t\t<\/div>\n\t\t","protected":false},"excerpt":{"rendered":"<p>Centro de Investigaci\u00f3n y Desarrollo para la Paz El Centro de Investigaci\u00f3n y Desarrollo para la Paz tiene como prop\u00f3sito fundamental investigar las condiciones y los valores sociales que afirman la primac\u00eda de la Paz en todas las esferas del desarrollo humano. El mismo contribuir\u00e1 al establecimiento de la paz mundial a trav\u00e9s de la&hellip;&nbsp;<a href=\"https:\/\/www.cidiep.org.ar\/?page_id=772\" rel=\"bookmark\">Leer m\u00e1s &raquo;<span class=\"screen-reader-text\">Centro de Investigaci\u00f3n y Desarrollo para la Paz<\/span><\/a><\/p>\n","protected":false},"author":1,"featured_media":380,"parent":0,"menu_order":0,"comment_status":"closed","ping_status":"closed","template":"","meta":{"neve_meta_sidebar":"","neve_meta_container":"","neve_meta_enable_content_width":"","neve_meta_content_width":0,"neve_meta_title_alignment":"","neve_meta_author_avatar":"","neve_post_elements_order":"","neve_meta_disable_header":"off","neve_meta_disable_footer":"","neve_meta_disable_title":"on","footnotes":""},"class_list":["post-772","page","type-page","status-publish","has-post-thumbnail","hentry"],"_links":{"self":[{"href":"https:\/\/www.cidiep.org.ar\/index.php?rest_route=\/wp\/v2\/pages\/772","targetHints":{"allow":["GET"]}}],"collection":[{"href":"https:\/\/www.cidiep.org.ar\/index.php?rest_route=\/wp\/v2\/pages"}],"about":[{"href":"https:\/\/www.cidiep.org.ar\/index.php?rest_route=\/wp\/v2\/types\/page"}],"author":[{"embeddable":true,"href":"https:\/\/www.cidiep.org.ar\/index.php?rest_route=\/wp\/v2\/users\/1"}],"replies":[{"embeddable":true,"href":"https:\/\/www.cidiep.org.ar\/index.php?rest_route=%2Fwp%2Fv2%2Fcomments&post=772"}],"version-history":[{"count":104,"href":"https:\/\/www.cidiep.org.ar\/index.php?rest_route=\/wp\/v2\/pages\/772\/revisions"}],"predecessor-version":[{"id":3443,"href":"https:\/\/www.cidiep.org.ar\/index.php?rest_route=\/wp\/v2\/pages\/772\/revisions\/3443"}],"wp:featuredmedia":[{"embeddable":true,"href":"https:\/\/www.cidiep.org.ar\/index.php?rest_route=\/wp\/v2\/media\/380"}],"wp:attachment":[{"href":"https:\/\/www.cidiep.org.ar\/index.php?rest_route=%2Fwp%2Fv2%2Fmedia&parent=772"}],"curies":[{"name":"wp","href":"https:\/\/api.w.org\/{rel}","templated":true}]}}